{"id":3182,"date":"2021-07-23T23:06:09","date_gmt":"2021-07-23T21:06:09","guid":{"rendered":"http:\/\/www.rudolf-steiner-malschule.ch\/de\/?page_id=3182"},"modified":"2021-08-23T11:00:28","modified_gmt":"2021-08-23T09:00:28","slug":"rudolf-steiner","status":"publish","type":"page","link":"https:\/\/www.rudolf-steiner-malschule.ch\/de\/rudolf-steiner\/","title":{"rendered":"Rudolf Steiner"},"content":{"rendered":"<p><span style=\"font-size: 18pt;\"><strong>\u00dcber Rudolf Steiner (1861-1925)<\/strong><\/span><\/p>\n<p><span style=\"font-size: 14pt;\">Rudolf Steiner, der Begr\u00fcnder der Anthroposophie oder Geisteswissenschaft, ist auch bekannt f\u00fcr seine Leistungen auf verschiedenen Gebieten der Kunst, u.a. in der Architektur, Bildhauerei und Malerei.<\/span><\/p>\n<p><span style=\"font-size: 14pt;\">Ein wesentlicher Teil seines Beitrages zur Kunst der Malerei sind die&#8220; Schulungsskizzen&#8220;, die zwischen 1922 und 1924 in der Zusammenarbeit mit der Malerin Henni Geck (1884-1951) entstanden. Sie hatte Rudolf Steiner um Hilfe bei ihrer Arbeit als Mallehrerin gebeten. So entstand ein neuer Lehrplan f\u00fcr eine Ausbildung in der Malerei. Weitere &#8222;Schulungsskizzen&#8220; fertigte Steiner an, als er von den Lehrern der Friedwart-Schule am Goetheanum um Hinweise f\u00fcr das p\u00e4dagogische Malen gebeten wurde.<\/span><\/p>\n<p><span style=\"font-size: 14pt;\">Auch in seinen Vortr\u00e4gen gab Rudolf Steiner Hinweise auf eine neue Farbenlehre und beleuchtete viele Aspekte der Malerei und Farbe. Zu diesen Aspekten geh\u00f6ren: die zweidimensionale Bildfl\u00e4che; Ma\u00df, Zahl und Gewicht in der Farbe; Farbe und Wissenschaft; die Rolle von Malerei und Farbe in der Erziehung und in der Therapie; die Herstellung von Pflanzenpigmenten.<\/span><\/p>\n<p><span style=\"font-size: 14pt;\">Die Motive der Deckenmalerei f\u00fcr die gro\u00dfe und kleine Kuppel des ersten Goetheanum stammen von Rudolf Steiner, die kleine Kuppel hat er zu einem gro\u00dfen Teil selbst gemalt.<\/span><\/p>\n<p><span style=\"font-size: 14pt;\">Empfehlenswerte B\u00fccher von Rudolf Steiner zum Thema Malerei und Kunst:<\/span><\/p>\n<ul>\n<li>\n<div><span style=\"font-size: 14pt;\">Das Wesen der Farben \u00a0GA 291<\/span><\/div>\n<div><\/div>\n<\/li>\n<li>\n<div><span style=\"font-size: 14pt;\">Farbenerkenntnis \u00a0GA 291a<\/span><\/div>\n<div><\/div>\n<\/li>\n<li>\n<div><span style=\"font-size: 14pt;\">Kunst im Lichte der Mysterienweisheit \u00a0GA 275<\/span><\/div>\n<div><\/div>\n<\/li>\n<li>\n<div><span style=\"font-size: 14pt;\">Kunst und Kunsterkenntnis \u00a0GA 271<\/span><\/div>\n<div><\/div>\n<\/li>\n<li>\n<div><span style=\"font-size: 14pt;\">Das K\u00fcnstlerische in seiner Weltmission \u00a0GA 276<\/span><\/div>\n<div><\/div>\n<\/li>\n<li>\n<div><span style=\"font-size: 14pt;\">Bilder okkulter Siegel und S\u00e4ulen. Der M\u00fcnchner Kongress Pfingsten 1907 und seine Auswirkungen \u00a0GA 284<\/span><\/div>\n<div><\/div>\n<\/li>\n<li>\n<div><span style=\"font-size: 14pt;\">Wege zu einem neuen Baustil \u00a0 GA 286<\/span><\/div>\n<div><\/div>\n<\/li>\n<li>\n<div><span style=\"font-size: 14pt;\">Architektur, Plastik und Malerei des ersten Goetheanum GA 288<\/span><\/div>\n<div><\/div>\n<\/li>\n<li>\n<div><span style=\"font-size: 14pt;\">Kunstgeschichte als Abbild innerer geistiger Impulse \u00a0 GA 292<\/span><\/div>\n<\/li>\n<\/ul>\n<div><span style=\"font-size: 14pt;\">GA steht f\u00fcr \u2018Gesamtausgabe\u2019.\u00a0\u00a0<\/span><span style=\"font-size: 14pt;\">Alle Titel erh\u00e4ltlich beim Rudolf Steiner Verlag, Dornach.<\/span><\/div>\n","protected":false},"excerpt":{"rendered":"<p>\u00dcber Rudolf Steiner (1861-1925) Rudolf Steiner, der Begr\u00fcnder der Anthroposophie oder Geisteswissenschaft, ist auch bekannt f\u00fcr seine Leistungen auf verschiedenen Gebieten der Kunst, u.a. in der Architektur, Bildhauerei und Malerei. Ein wesentlicher Teil seines Beitrages zur Kunst der Malerei sind die&#8220; Schulungsskizzen&#8220;, die zwischen 1922 und 1924 in der Zusammenarbeit mit der Malerin Henni Geck&nbsp;<\/p>\n<p><a class=\"btn btn-style\" href=\"https:\/\/www.rudolf-steiner-malschule.ch\/de\/rudolf-steiner\/\">Continue Reading<\/a><\/p>\n","protected":false},"author":6,"featured_media":0,"parent":0,"menu_order":0,"comment_status":"closed","ping_status":"closed","template":"","meta":{"footnotes":""},"_links":{"self":[{"href":"https:\/\/www.rudolf-steiner-malschule.ch\/de\/wp-json\/wp\/v2\/pages\/3182"}],"collection":[{"href":"https:\/\/www.rudolf-steiner-malschule.ch\/de\/wp-json\/wp\/v2\/pages"}],"about":[{"href":"https:\/\/www.rudolf-steiner-malschule.ch\/de\/wp-json\/wp\/v2\/types\/page"}],"author":[{"embeddable":true,"href":"https:\/\/www.rudolf-steiner-malschule.ch\/de\/wp-json\/wp\/v2\/users\/6"}],"replies":[{"embeddable":true,"href":"https:\/\/www.rudolf-steiner-malschule.ch\/de\/wp-json\/wp\/v2\/comments?post=3182"}],"version-history":[{"count":8,"href":"https:\/\/www.rudolf-steiner-malschule.ch\/de\/wp-json\/wp\/v2\/pages\/3182\/revisions"}],"predecessor-version":[{"id":3232,"href":"https:\/\/www.rudolf-steiner-malschule.ch\/de\/wp-json\/wp\/v2\/pages\/3182\/revisions\/3232"}],"wp:attachment":[{"href":"https:\/\/www.rudolf-steiner-malschule.ch\/de\/wp-json\/wp\/v2\/media?parent=3182"}],"curies":[{"name":"wp","href":"https:\/\/api.w.org\/{rel}","templated":true}]}}