{"id":3180,"date":"2021-07-23T23:03:22","date_gmt":"2021-07-23T21:03:22","guid":{"rendered":"http:\/\/www.rudolf-steiner-malschule.ch\/de\/?page_id=3180"},"modified":"2025-12-05T04:05:04","modified_gmt":"2025-12-05T03:05:04","slug":"das-institut","status":"publish","type":"page","link":"https:\/\/www.rudolf-steiner-malschule.ch\/de\/das-institut\/","title":{"rendered":"Das Institut"},"content":{"rendered":"<p class=\"p1\"><strong><span style=\"font-size: 18pt;\">\u00dcber das Institut<\/span><\/strong><\/p>\n<p><span style=\"font-size: 14pt;\">Das Rudolf Steiner Malschule Institut steht f\u00fcr die Unterst\u00fctzung und F\u00f6rderung des von Rudolf Steiner begr\u00fcndeten und von Gerard Wagner entwickelten Malimpulses.<\/span><\/p>\n<p><span style=\"font-size: 14pt;\">Das Institut hat seinen Sitz in Dornach in der Rudolf Steiner Malschule, Atelierhaus, Brosiweg 41. Es ist Tr\u00e4ger einer Malschule, die eine Ausbildung in Malerei und Maltherapie anbietet. Die Arbeitsweise orientiert sich an der Lehre von Gerard Wagner. Das Institut will das Wissen um diesen Ausbildungsweg weltweit verbreiten, durch Unterricht in Malerei\/Maltherapie, durch Publikationen und durch Ausstellungen.<\/span><\/p>\n<p><strong><span style=\"font-size: 14pt;\">Das Institut betreibt Forschung zu:\u00a0<\/span><\/strong><\/p>\n<p><span style=\"font-size: 14pt;\">1) Hinweise von Dr. Rudolf Steiner (1861-1925) auf einen neuen Malimpuls, der auf den Prinzipien der Anthroposophie (Geisteswissenschaft) beruht.\u00a0 Die Hinweise werden in Vortragsform, Buchform und in Kunstwerken gegeben.<\/span><\/p>\n<p><span style=\"font-size: 14pt;\">2) Die von Gerard Wagner (1906-1999) ausgef\u00fchrten Kunstwerke, die nach den Prinzipien gemalt wurden, die er aus Rudolf Steiners Hinweisen gelernt hat.<\/span><\/p>\n<p><strong><span style=\"font-size: 14pt;\">Neueste Ver\u00f6ffentlichungen:<\/span><\/strong><\/p>\n<p style=\"font-weight: 400;\"><span style=\"font-size: 14pt;\"><em><img loading=\"lazy\" decoding=\"async\" class=\"alignnone size-full wp-image-4014\" src=\"https:\/\/www.rudolf-steiner-malschule.ch\/wp-content\/uploads\/2025\/12\/Screenshot-2025-12-04-at-8.55.07\u202fPM.png\" alt=\"\" width=\"2452\" height=\"1618\" srcset=\"https:\/\/www.rudolf-steiner-malschule.ch\/wp-content\/uploads\/2025\/12\/Screenshot-2025-12-04-at-8.55.07\u202fPM.png 2452w, https:\/\/www.rudolf-steiner-malschule.ch\/wp-content\/uploads\/2025\/12\/Screenshot-2025-12-04-at-8.55.07\u202fPM-300x198.png 300w, https:\/\/www.rudolf-steiner-malschule.ch\/wp-content\/uploads\/2025\/12\/Screenshot-2025-12-04-at-8.55.07\u202fPM-1024x676.png 1024w, https:\/\/www.rudolf-steiner-malschule.ch\/wp-content\/uploads\/2025\/12\/Screenshot-2025-12-04-at-8.55.07\u202fPM-768x507.png 768w, https:\/\/www.rudolf-steiner-malschule.ch\/wp-content\/uploads\/2025\/12\/Screenshot-2025-12-04-at-8.55.07\u202fPM-1536x1014.png 1536w, https:\/\/www.rudolf-steiner-malschule.ch\/wp-content\/uploads\/2025\/12\/Screenshot-2025-12-04-at-8.55.07\u202fPM-2048x1351.png 2048w, https:\/\/www.rudolf-steiner-malschule.ch\/wp-content\/uploads\/2025\/12\/Screenshot-2025-12-04-at-8.55.07\u202fPM-380x250.png 380w\" sizes=\"(max-width: 2452px) 100vw, 2452px\" \/><img loading=\"lazy\" decoding=\"async\" class=\"alignnone wp-image-3783\" src=\"https:\/\/www.rudolf-steiner-malschule.ch\/wp-content\/uploads\/2024\/09\/Chanter_Madonna_Cover-copy.jpeg\" alt=\"\" width=\"640\" height=\"908\" srcset=\"https:\/\/www.rudolf-steiner-malschule.ch\/wp-content\/uploads\/2024\/09\/Chanter_Madonna_Cover-copy.jpeg 840w, https:\/\/www.rudolf-steiner-malschule.ch\/wp-content\/uploads\/2024\/09\/Chanter_Madonna_Cover-copy-211x300.jpeg 211w, https:\/\/www.rudolf-steiner-malschule.ch\/wp-content\/uploads\/2024\/09\/Chanter_Madonna_Cover-copy-722x1024.jpeg 722w, https:\/\/www.rudolf-steiner-malschule.ch\/wp-content\/uploads\/2024\/09\/Chanter_Madonna_Cover-copy-768x1090.jpeg 768w\" sizes=\"(max-width: 640px) 100vw, 640px\" \/><\/em><\/span><\/p>\n<p style=\"font-weight: 400;\"><span style=\"font-size: 14pt;\"><em><img loading=\"lazy\" decoding=\"async\" class=\"alignnone size-full wp-image-3784\" src=\"https:\/\/www.rudolf-steiner-malschule.ch\/wp-content\/uploads\/2024\/09\/Chanter_Tiermetamorphosen_Cover-copy.jpeg\" alt=\"\" width=\"640\" height=\"451\" srcset=\"https:\/\/www.rudolf-steiner-malschule.ch\/wp-content\/uploads\/2024\/09\/Chanter_Tiermetamorphosen_Cover-copy.jpeg 640w, https:\/\/www.rudolf-steiner-malschule.ch\/wp-content\/uploads\/2024\/09\/Chanter_Tiermetamorphosen_Cover-copy-300x211.jpeg 300w\" sizes=\"(max-width: 640px) 100vw, 640px\" \/><\/em><\/span><\/p>\n<p><span style=\"font-size: 14pt;\">Diese 2 A5-Brosch\u00fcren in Englisch und Deutsch zeigen Gem\u00e4lde von Gerard Wagner.<\/span><\/p>\n<p><span style=\"font-size: 14pt;\">Das Heft mit dem Madonnenmotiv zeigt 18 Gem\u00e4lde von 1935 bis 1996.<\/span><\/p>\n<p><span style=\"font-size: 14pt;\">Die Tiermetamorphose zeigt eine Serie von 25 Gem\u00e4lden, die ihren Ausgangspunkt im &#8218;Archetypischen Tier-Mensch-Motiv&#8216; von Rudolf Steiner ihren Ursprung haben. Die Bilder wurden bereits 1972 in einer Mappe ver\u00f6ffentlicht 1972 ver\u00f6ffentlicht, die noch erh\u00e4ltlich ist.<\/span><\/p>\n<p><span style=\"font-size: 14pt;\">Bestellungen bei Caroline Chanter c.chanter@iriscolor.ch<\/span><br \/>\n<span style=\"font-size: 14pt;\">Oder bei der Goetheanum-Buchhandlung<\/span><br \/>\n<span style=\"font-size: 14pt;\">goetheanum.org<\/span><\/p>\n<p style=\"font-weight: 400;\"><span style=\"font-size: 14pt;\"><em>Naturstimmungen malen<\/em>\u00a0ist ein neu erschienenes Buch f\u00fcr alle, die einen Einstieg in die neun Naturstimmungs-Skizzen von Rudolf Steiner finden wollen. Es ist im Wesentlichen ein Malbuch, das in klaren Schritten (gemalt von Caroline Chanter) zeigt, wie man die neun Skizzen aufbauen kann. Es enth\u00e4lt auch Beispiele f\u00fcr die von Gerard Wagner und Erwin Thomalla gemalten Naturstimmungen. Die meisten der Bilder wurden mit Pflanzenfarben gemalt.<\/span><\/p>\n<p style=\"font-weight: 400;\"><span style=\"font-size: 14pt;\">Das Taschenbuch im A4-Format hat 72 Seiten davon 37 Seiten mit Farbabbildungen. Das Buch kostet 32CHF und ist in der Goetheanum-Buchhandlung oder direkt bei Caroline Chanter erh\u00e4ltlich.<\/span><\/p>\n<p><img loading=\"lazy\" decoding=\"async\" class=\"alignnone wp-image-3424 size-large\" src=\"http:\/\/www.rudolf-steiner-malschule.ch\/wp-content\/uploads\/2022\/10\/Screenshot-2022-10-02-at-15.20.14-1024x716.png\" alt=\"\" width=\"1024\" height=\"716\" srcset=\"https:\/\/www.rudolf-steiner-malschule.ch\/wp-content\/uploads\/2022\/10\/Screenshot-2022-10-02-at-15.20.14-1024x716.png 1024w, https:\/\/www.rudolf-steiner-malschule.ch\/wp-content\/uploads\/2022\/10\/Screenshot-2022-10-02-at-15.20.14-300x210.png 300w, https:\/\/www.rudolf-steiner-malschule.ch\/wp-content\/uploads\/2022\/10\/Screenshot-2022-10-02-at-15.20.14-768x537.png 768w\" sizes=\"(max-width: 1024px) 100vw, 1024px\" \/><\/p>\n<p><span style=\"font-size: 14pt;\">Die Leiterin des Instituts ist Caroline Chanter, England\/ Schweiz.<\/span><\/p>\n<p><span style=\"font-size: 14pt;\">Die internationale Gruppe von K\u00fcnstlern und Kunsttherapeuten, die das Institut unterst\u00fctzen, sind:<\/span><\/p>\n<p><span style=\"font-size: 14pt;\">Jyoti Pagdi, Indien<\/span><\/p>\n<p><span style=\"font-size: 14pt;\">Anastasija Vagner, Lettland\/Russland\u00a0<\/span><\/p>\n<p><span style=\"font-size: 14pt;\">Bernd Lutz, Deutschland<\/span><\/p>\n<p><span style=\"font-size: 14pt;\">Hans Schumm, Nordamerika<\/span><\/p>\n<p><span style=\"font-size: 14pt;\">Sandra Lo Noce-Wagner, Schweiz<\/span><\/p>\n<p><span style=\"font-size: 14pt;\">Marco Lo Noce, Italien\/Schweiz\u00a0<\/span><\/p>\n<p class=\"p1\"><span style=\"font-size: 14pt;\">Eliane Petrus H\u00fcrbin, Schweiz, *1958 \u2013\u20202009<\/span><\/p>\n<p class=\"p1\"><span style=\"font-size: 14pt;\">Frans van der Pennen, Nederland,<span class=\"Apple-converted-space\">\u00a0 <\/span>*ca.1956 \u2013\u20202018<\/span><\/p>\n<p><span style=\"font-size: 14pt;\">Das Institut ist eine gemeinn\u00fctzige Organisation. Wir freuen uns \u00fcber Ihre Beitr\u00e4ge zur Aufrechterhaltung unserer Arbeit.<\/span><\/p>\n<p><span style=\"font-size: 14pt;\">Bankverbindungen:\u00a0<\/span><\/p>\n<p><span style=\"font-size: 14pt;\">Schweizer Franken:<\/span><br \/>\n<span style=\"font-size: 14pt;\">Raiffeisenbank Schweiz Genossenschaft<\/span><\/p>\n<p><span style=\"font-size: 14pt;\">Raiffeisenplatz 4<\/span><\/p>\n<p><span style=\"font-size: 14pt;\">9001 St. Gallen<\/span><\/p>\n<p><span style=\"font-size: 14pt;\">Konto: Anne Caroline Chanter (Rudolf Steiner Malschule Institut)<\/span><\/p>\n<p><span style=\"font-size: 14pt;\">IBAN: CH06 8080 8002 9895 5163 6<\/span><\/p>\n<p><span style=\"font-size: 14pt;\">BC &#8211; Nr. 80808<\/span><\/p>\n<p><span style=\"font-size: 14pt;\">Swift:\u00a0RAIFCH22XXX<\/span><\/p>\n","protected":false},"excerpt":{"rendered":"<p>\u00dcber das Institut Das Rudolf Steiner Malschule Institut steht f\u00fcr die Unterst\u00fctzung und F\u00f6rderung des von Rudolf Steiner begr\u00fcndeten und von Gerard Wagner entwickelten Malimpulses. Das Institut hat seinen Sitz in Dornach in der Rudolf Steiner Malschule, Atelierhaus, Brosiweg 41. Es ist Tr\u00e4ger einer Malschule, die eine Ausbildung in Malerei und Maltherapie anbietet. Die Arbeitsweise&nbsp;<\/p>\n<p><a class=\"btn btn-style\" href=\"https:\/\/www.rudolf-steiner-malschule.ch\/de\/das-institut\/\">Continue Reading<\/a><\/p>\n","protected":false},"author":6,"featured_media":0,"parent":0,"menu_order":0,"comment_status":"closed","ping_status":"closed","template":"","meta":{"footnotes":""},"_links":{"self":[{"href":"https:\/\/www.rudolf-steiner-malschule.ch\/de\/wp-json\/wp\/v2\/pages\/3180"}],"collection":[{"href":"https:\/\/www.rudolf-steiner-malschule.ch\/de\/wp-json\/wp\/v2\/pages"}],"about":[{"href":"https:\/\/www.rudolf-steiner-malschule.ch\/de\/wp-json\/wp\/v2\/types\/page"}],"author":[{"embeddable":true,"href":"https:\/\/www.rudolf-steiner-malschule.ch\/de\/wp-json\/wp\/v2\/users\/6"}],"replies":[{"embeddable":true,"href":"https:\/\/www.rudolf-steiner-malschule.ch\/de\/wp-json\/wp\/v2\/comments?post=3180"}],"version-history":[{"count":12,"href":"https:\/\/www.rudolf-steiner-malschule.ch\/de\/wp-json\/wp\/v2\/pages\/3180\/revisions"}],"predecessor-version":[{"id":4016,"href":"https:\/\/www.rudolf-steiner-malschule.ch\/de\/wp-json\/wp\/v2\/pages\/3180\/revisions\/4016"}],"wp:attachment":[{"href":"https:\/\/www.rudolf-steiner-malschule.ch\/de\/wp-json\/wp\/v2\/media?parent=3180"}],"curies":[{"name":"wp","href":"https:\/\/api.w.org\/{rel}","templated":true}]}}