{"id":3166,"date":"2021-07-23T21:38:56","date_gmt":"2021-07-23T19:38:56","guid":{"rendered":"http:\/\/www.rudolf-steiner-malschule.ch\/de\/?page_id=3166"},"modified":"2025-09-03T18:17:08","modified_gmt":"2025-09-03T16:17:08","slug":"unser-ansatz","status":"publish","type":"page","link":"https:\/\/www.rudolf-steiner-malschule.ch\/de\/unser-ansatz\/","title":{"rendered":"Unser Ansatz \/ Ausbildung"},"content":{"rendered":"<div class=\"wpb-content-wrapper\"><p>[vc_row][vc_column][vc_column_text]<\/p>\n<h2 style=\"text-align: center;\">Unser Ansatz<\/h2>\n<p>[\/vc_column_text][\/vc_column][\/vc_row][vc_row][vc_column][vc_column_text]<span style=\"font-size: 14pt;\">Unsere Herangehensweise an die Malerei basiert auf einer Begegnung von Kunst und Therapie. Wir arbeiten in der Technik des Aquarells und bevorzugen Pigmente auf pflanzlicher Basis, die eine besondere Lichtqualit\u00e4t und belebende Wirkung auf die Seele haben.<\/span><\/p>\n<p><span style=\"font-size: 14pt;\">Durch eine besondere Herangehensweise an Mal\u00fcbungen suchen wir nach dem wesentlichen Leben der Farbe. Diese methodische Arbeitsweise hilft, eine feinere Wahrnehmung f\u00fcr Farbe zu entwickeln, und kann das Bewusstsein f\u00fcr unsere Gef\u00fchle in Bezug auf Farbe st\u00e4rken. Als solche ist sie auch eine gute Grundlage f\u00fcr die therapeutische Arbeit.<\/span><\/p>\n<p><span style=\"font-size: 14pt;\">Grundlage des Trainings sind die von Dr. Rudolf Steiner (1861-1925) ausgef\u00fchrten &#8222;Schulungsskizzen&#8220; f\u00fcr Maler, die er der Malerin Henni Geck (1884-1951) als Arbeitsmaterial zur Verf\u00fcgung stellte.<\/span>[\/vc_column_text][vc_column_text]<\/p>\n<h2 style=\"text-align: center;\">Lehrplan<\/h2>\n<p>[\/vc_column_text][vc_column_text]<span style=\"font-size: 14pt;\">Das Curriculum soll die Einsicht in die Zusammenh\u00e4nge von Farbe und Form entwickeln; Ziel ist es, zu einer individuellen lebendigen Erfahrung zu gelangen, wie aus der Farbe die Form entsteht.<\/span><\/p>\n<p><span style=\"font-size: 14pt;\">Folgende Aspekte sind in unsere Studienkonzeption integriert:<\/span><\/p>\n<p><span style=\"font-size: 14pt;\">&#8211; Farbbalance als Prinzip der Einheit und Harmonie: warme und k\u00fchle Farben; Bild- und Glanzfarben; Helligkeit und Dunkelkeit.<\/span><\/p>\n<p><span style=\"font-size: 14pt;\">&#8211; Komposition: &#8222;Einmessen&#8220; der Farben in den Bildraum;<\/span><\/p>\n<p><span style=\"font-size: 14pt;\">&#8211; Die innerlich empfundene Balance des Menschen als &#8222;Mess&#8220;-Instrument.<\/span><\/p>\n<p><span style=\"font-size: 14pt;\">&#8211; Erweiterung der F\u00e4higkeit, Farbe zu erleben: Ma\u00df, Zahl und Gewicht als qualitative Erfahrung; schwerelose Farbe.<\/span><\/p>\n<p><span style=\"font-size: 14pt;\">&#8211; Farbprozesse &#8211; Naturprozesse: Rhythmen; der Zyklus des Jahres; Wachsen und Vergehen; Auf- und Untergang.<\/span><\/p>\n<p><span style=\"font-size: 14pt;\">&#8211; Motivwandlung bis hin zur Metamorphose.<\/span><\/p>\n<p><span style=\"font-size: 14pt;\">&#8211; Selbstentwicklung: Malen als Weg der Meditation.<\/span><\/p>\n<p><span style=\"font-size: 14pt;\">&#8211; Maltherapie: inneres Gleichgewicht und Gesundheit.<\/span><\/p>\n<p><span style=\"font-size: 14pt;\">&#8211; Pflanzenfarben: Herstellung von Pflanzenpigmenten und deren Verwendung.<\/span>[\/vc_column_text][\/vc_column][\/vc_row][vc_row][vc_column][\/vc_column][\/vc_row][vc_row][vc_column][vc_column_text]<\/p>\n<p style=\"text-align: center;\"><span style=\"font-size: 24pt; font-family: baar-sophia;\">RUDOLF STEINER MALSCHULE<\/span><br \/>\n<span style=\"font-size: 24pt; font-family: baar-sophia;\"><strong>AUFBAUSTUDIUM KUNSTTHERAPIE<\/strong> 2025-2027<\/span><\/p>\n<p><span style=\"font-size: 14pt; font-family: baar-sophia;\">Das Aufbaustudium Kunsttherapie schlie\u00dft an den drei bis vierj\u00e4hrigen k\u00fcnstlerisch-<\/span><span style=\"font-size: 14pt; font-family: baar-sophia;\">therapeutischen Grundstudiengang an und dauert ein bis zwei Jahre.<\/span><\/p>\n<p><span style=\"font-size: 14pt; font-family: baar-sophia;\">Der Schwerpunkt liegt auf der Vertiefung therapeutischer Prinzipien in folgenden Bereichen:<\/span><br \/>\n<span style=\"font-size: 14pt; font-family: baar-sophia;\">\u2013 k\u00fcnstlerisch-therapeutisches Malen<\/span><br \/>\n<span style=\"font-size: 14pt; font-family: baar-sophia;\">\u2013 Zeichnen Methoden<\/span><br \/>\n<span style=\"font-size: 14pt; font-family: baar-sophia;\">\u2013 therapeutische Tonmodellier\u00fcbungen<\/span><br \/>\n<span style=\"font-size: 14pt; font-family: baar-sophia;\">\u2013 Studium von Texten zum anthroposophischen Menschenbild<\/span><\/p>\n<p><span style=\"font-size: 14pt; font-family: baar-sophia;\">Der Unterricht gliedert sich in gef\u00fchrte Unterrichtsstunden und selbstst\u00e4ndige \u00dcbzeiten.<\/span><\/p>\n<p><span style=\"font-size: 14pt; font-family: baar-sophia;\">Die Unterrichts-Schwerpunkte nach Trimestern sind thematisiert nach:<\/span><\/p>\n<p><span style=\"font-size: 14pt; font-family: baar-sophia;\">Oktober bis Dezember 2025:<\/span><br \/>\n<span style=\"font-size: 14pt; font-family: baar-sophia;\">Unterricht im therapeutischen Malen und Zeichnen. Menschenkunde\/Medizinische <\/span><span style=\"font-size: 14pt; font-family: baar-sophia;\">Vorlesungen in der Plastikschule am Goetheanum, in der Klinik Arlesheim und am <\/span><span style=\"font-size: 14pt; font-family: baar-sophia;\">Goetheanum.<\/span><\/p>\n<p><span style=\"font-size: 14pt; font-family: baar-sophia;\">Januar-M\u00e4rz 2026: Unterricht im therapeutischen Malen und modellieren mit Ton.<\/span><br \/>\n<span style=\"font-size: 14pt; font-family: baar-sophia;\">Menschenkunde\/Medizinische Vorlesungen in der Plastikschule am Goetheanum, in der <\/span><span style=\"font-size: 14pt; font-family: baar-sophia;\">Klinik Arlesheim und am Goetheanum.<\/span><\/p>\n<p><span style=\"font-size: 14pt; font-family: baar-sophia;\">April bis Juni 2026: Unterricht im therapeutischen Malen. Menschenkunde\/Medizinische <\/span><span style=\"font-size: 14pt; font-family: baar-sophia;\">Vorlesungen in der Plastikschule am Goetheanum, in der Klinik Arlesheim und am <\/span><span style=\"font-size: 14pt; font-family: baar-sophia;\">Goetheanum.<\/span><\/p>\n<p><span style=\"font-size: 14pt; font-family: baar-sophia;\">Oktober bis Dezember 2026: Unterricht im therapeutischen Malen.<\/span><br \/>\n<span style=\"font-size: 14pt; font-family: baar-sophia;\">Menschenkunde\/Medizinische Vorlesungen in der Plastikschule am Goetheanum, in der <\/span><span style=\"font-size: 14pt; font-family: baar-sophia;\">Klinik Arlesheim und am Goetheanum.<\/span><\/p>\n<p><span style=\"font-size: 14pt; font-family: baar-sophia;\">Januar-M\u00e4rz 2027: Unterricht im therapeutischen Malen. Praktikum Zeit.<\/span><\/p>\n<p><span style=\"font-size: 14pt; font-family: baar-sophia;\">April -Juni 2027: Unterricht im therapeutischen Malen. Praktikum Zeit.<\/span><\/p>\n<p><span style=\"font-size: 14pt; font-family: baar-sophia;\">Oktober-Dezember 2027: Unterricht im therapeutischen Malen; Abschlussthema <\/span><span style=\"font-size: 14pt; font-family: baar-sophia;\">vorbereiten und pr\u00e4sentieren.<\/span><\/p>\n<p><span style=\"font-size: 14pt; font-family: baar-sophia;\">Text Studium:<\/span><br \/>\n<span style=\"font-size: 14pt; font-family: baar-sophia;\"><em>Die Individualit\u00e4t der Farbe<\/em>, Koch\/Wagner, Freies Geistesleben GmbH<\/span><br \/>\n<span style=\"font-size: 14pt; font-family: baar-sophia;\"><em>Zur k\u00fcnstlerischen Therapie<\/em> von Dr. Margarethe Hauschka, Band 1,2 und 3, Schule f\u00fcr <\/span><span style=\"font-size: 14pt; font-family: baar-sophia;\">k\u00fcnstlerische Therapie Bad Boll<\/span><br \/>\n<span style=\"font-size: 14pt; font-family: baar-sophia;\"><em>Anthroposophische Maltherapie Grundlagen\u2013Indikationen\u2013Durchf\u00fchrung<\/em>, Dagmar Brauer, <\/span><span style=\"font-size: 14pt; font-family: baar-sophia;\">Matthias Girke, Salumed Verlag<\/span>[\/vc_column_text][vc_column_text]<\/p>\n<p class=\"p1\" style=\"text-align: center;\"><span style=\"font-size: 24pt;\"><strong>Abschl\u00fcsse<\/strong><\/span><\/p>\n<p class=\"p2\" style=\"text-align: center;\"><span style=\"font-size: 14pt;\">Die Studiendauer richtet sich nach dem individuellen Interesse und den Bed\u00fcrfnissen der Studierenden, ob sie nun pers\u00f6nliche Ziele verfolgen oder einen offiziellen Abschluss anstreben. Zur Best\u00e4tigung der Studienteilnahme stellt die Malschule Zertifikate aus. F\u00fcr das Diplom der Malschule ist das l\u00e4ngere Studium erforderlich.<\/span><\/p>\n<p>[\/vc_column_text][\/vc_column][\/vc_row]<\/p>\n<\/div>","protected":false},"excerpt":{"rendered":"<p>[vc_row][vc_column][vc_column_text] Unser Ansatz [\/vc_column_text][\/vc_column][\/vc_row][vc_row][vc_column][vc_column_text]Unsere Herangehensweise an die Malerei basiert auf einer Begegnung von Kunst und Therapie. Wir arbeiten in der Technik des Aquarells und bevorzugen Pigmente auf pflanzlicher Basis, die eine besondere Lichtqualit\u00e4t und belebende Wirkung auf die Seele haben. Durch eine besondere Herangehensweise an Mal\u00fcbungen suchen wir nach dem wesentlichen Leben der Farbe. Diese&nbsp;<\/p>\n<p><a class=\"btn btn-style\" href=\"https:\/\/www.rudolf-steiner-malschule.ch\/de\/unser-ansatz\/\">Continue Reading<\/a><\/p>\n","protected":false},"author":6,"featured_media":0,"parent":0,"menu_order":0,"comment_status":"closed","ping_status":"closed","template":"","meta":{"footnotes":""},"_links":{"self":[{"href":"https:\/\/www.rudolf-steiner-malschule.ch\/de\/wp-json\/wp\/v2\/pages\/3166"}],"collection":[{"href":"https:\/\/www.rudolf-steiner-malschule.ch\/de\/wp-json\/wp\/v2\/pages"}],"about":[{"href":"https:\/\/www.rudolf-steiner-malschule.ch\/de\/wp-json\/wp\/v2\/types\/page"}],"author":[{"embeddable":true,"href":"https:\/\/www.rudolf-steiner-malschule.ch\/de\/wp-json\/wp\/v2\/users\/6"}],"replies":[{"embeddable":true,"href":"https:\/\/www.rudolf-steiner-malschule.ch\/de\/wp-json\/wp\/v2\/comments?post=3166"}],"version-history":[{"count":9,"href":"https:\/\/www.rudolf-steiner-malschule.ch\/de\/wp-json\/wp\/v2\/pages\/3166\/revisions"}],"predecessor-version":[{"id":3945,"href":"https:\/\/www.rudolf-steiner-malschule.ch\/de\/wp-json\/wp\/v2\/pages\/3166\/revisions\/3945"}],"wp:attachment":[{"href":"https:\/\/www.rudolf-steiner-malschule.ch\/de\/wp-json\/wp\/v2\/media?parent=3166"}],"curies":[{"name":"wp","href":"https:\/\/api.w.org\/{rel}","templated":true}]}}