{"id":3164,"date":"2021-07-23T21:32:29","date_gmt":"2021-07-23T19:32:29","guid":{"rendered":"http:\/\/www.rudolf-steiner-malschule.ch\/de\/?page_id=3164"},"modified":"2021-07-30T19:15:40","modified_gmt":"2021-07-30T17:15:40","slug":"geschichte","status":"publish","type":"page","link":"https:\/\/www.rudolf-steiner-malschule.ch\/de\/geschichte\/","title":{"rendered":"Geschichte"},"content":{"rendered":"<p style=\"text-align: left;\"><span style=\"font-size: 14pt;\"><a href=\"http:\/\/www.rudolf-steiner-malschule.ch\/wp-content\/uploads\/2021\/07\/unterlengenhardt.-1988.jpg\"><img loading=\"lazy\" decoding=\"async\" class=\" wp-image-3067 alignright\" src=\"http:\/\/www.rudolf-steiner-malschule.ch\/wp-content\/uploads\/2021\/07\/unterlengenhardt.-1988.jpg\" alt=\"\" width=\"590\" height=\"397\" srcset=\"https:\/\/www.rudolf-steiner-malschule.ch\/wp-content\/uploads\/2021\/07\/unterlengenhardt.-1988.jpg 2199w, https:\/\/www.rudolf-steiner-malschule.ch\/wp-content\/uploads\/2021\/07\/unterlengenhardt.-1988-300x202.jpg 300w, https:\/\/www.rudolf-steiner-malschule.ch\/wp-content\/uploads\/2021\/07\/unterlengenhardt.-1988-768x516.jpg 768w, https:\/\/www.rudolf-steiner-malschule.ch\/wp-content\/uploads\/2021\/07\/unterlengenhardt.-1988-1024x688.jpg 1024w, https:\/\/www.rudolf-steiner-malschule.ch\/wp-content\/uploads\/2021\/07\/unterlengenhardt.-1988-340x230.jpg 340w\" sizes=\"(max-width: 590px) 100vw, 590px\" \/><\/a><\/span><\/p>\n<p><span style=\"font-size: 14pt;\">Die Malschule befand sich urspr\u00fcnglich im Goetheanum-Geb\u00e4ude und bestand aus Teilzeitklassen, die von verschiedenen K\u00fcnstlern unterrichtet wurden.\u00a0Als in den 1960er Jahren das Atelierhaus, Brosiweg 41, gebaut wurde, zog die &#8222;Goetheanum-Malschule&#8220; dorthin um. Sie bestand danach aus zwei getrennten Schulen, die von den Malern Beppe Assenza (1905-1985) und Gerard Wagner (1906-1999) geleitet wurden.<\/span><\/p>\n<p><span style=\"font-size: 14pt;\">Viele Jahre lang waren Gerard Wagner und Elisabeth Koch &#8211; zusammen mit ihrem Kollegen Erwin Thomalla &#8211; die Hauptlehrer der &#8222;Wagner-Schule&#8220;. Nach dem Tod von Gerard Wagner im Jahr 1999 und der Pensionierung von Elisabeth Wagner-Koch wurde die Verantwortung f\u00fcr die Schule an Caroline Chanter weitergegeben.\u00a0<\/span><\/p>\n<p><span style=\"font-size: 14pt;\">Zu Michaeli 2015 \u00e4nderte sich der Name der Schule in &#8222;Rudolf Steiner Malschule&#8220;. Die Schule hat ihren internationalen Charakter beibehalten und zieht Sch\u00fcler aus aller Welt an. Der Unterricht wird in Englisch und in Deutsch erteilt.<\/span><\/p>\n<p style=\"text-align: left;\"><span style=\"font-size: 14pt;\">\u00a0<\/span><\/p>\n","protected":false},"excerpt":{"rendered":"<p>Die Malschule befand sich urspr\u00fcnglich im Goetheanum-Geb\u00e4ude und bestand aus Teilzeitklassen, die von verschiedenen K\u00fcnstlern unterrichtet wurden.\u00a0Als in den 1960er Jahren das Atelierhaus, Brosiweg 41, gebaut wurde, zog die &#8222;Goetheanum-Malschule&#8220; dorthin um. Sie bestand danach aus zwei getrennten Schulen, die von den Malern Beppe Assenza (1905-1985) und Gerard Wagner (1906-1999) geleitet wurden. Viele Jahre lang&nbsp;<\/p>\n<p><a class=\"btn btn-style\" href=\"https:\/\/www.rudolf-steiner-malschule.ch\/de\/geschichte\/\">Continue Reading<\/a><\/p>\n","protected":false},"author":6,"featured_media":0,"parent":0,"menu_order":0,"comment_status":"closed","ping_status":"closed","template":"","meta":{"footnotes":""},"_links":{"self":[{"href":"https:\/\/www.rudolf-steiner-malschule.ch\/de\/wp-json\/wp\/v2\/pages\/3164"}],"collection":[{"href":"https:\/\/www.rudolf-steiner-malschule.ch\/de\/wp-json\/wp\/v2\/pages"}],"about":[{"href":"https:\/\/www.rudolf-steiner-malschule.ch\/de\/wp-json\/wp\/v2\/types\/page"}],"author":[{"embeddable":true,"href":"https:\/\/www.rudolf-steiner-malschule.ch\/de\/wp-json\/wp\/v2\/users\/6"}],"replies":[{"embeddable":true,"href":"https:\/\/www.rudolf-steiner-malschule.ch\/de\/wp-json\/wp\/v2\/comments?post=3164"}],"version-history":[{"count":3,"href":"https:\/\/www.rudolf-steiner-malschule.ch\/de\/wp-json\/wp\/v2\/pages\/3164\/revisions"}],"predecessor-version":[{"id":3225,"href":"https:\/\/www.rudolf-steiner-malschule.ch\/de\/wp-json\/wp\/v2\/pages\/3164\/revisions\/3225"}],"wp:attachment":[{"href":"https:\/\/www.rudolf-steiner-malschule.ch\/de\/wp-json\/wp\/v2\/media?parent=3164"}],"curies":[{"name":"wp","href":"https:\/\/api.w.org\/{rel}","templated":true}]}}