{"id":2310,"date":"2015-10-09T07:38:12","date_gmt":"2015-10-09T07:38:12","guid":{"rendered":"http:\/\/www.rudolf-steiner-malschule.ch\/de\/courses\/what-former-students-say\/"},"modified":"2016-01-20T10:18:48","modified_gmt":"2016-01-20T09:18:48","slug":"what-former-students-say","status":"publish","type":"page","link":"https:\/\/www.rudolf-steiner-malschule.ch\/de\/courses\/what-former-students-say\/","title":{"rendered":"Was unsere Studenten sagen"},"content":{"rendered":"<div class=\"wpb-content-wrapper\"><p>[vc_row][vc_column][vc_column_text]<\/p>\n<h3>Was unsere Studenten sagen<\/h3>\n<p>[\/vc_column_text][vc_column_text]<\/p>\n<div id=\"attachment_2070\" style=\"width: 222px\" class=\"wp-caption alignright\"><a href=\"http:\/\/www.rudolf-steiner-malschule.ch\/wp-content\/uploads\/2015\/10\/P1000384.jpg\"><img loading=\"lazy\" decoding=\"async\" aria-describedby=\"caption-attachment-2070\" class=\"wp-image-2070 size-medium\" src=\"http:\/\/www.rudolf-steiner-malschule.ch\/wp-content\/uploads\/2015\/10\/P1000384-212x300.jpg\" alt=\"\" width=\"212\" height=\"300\" srcset=\"https:\/\/www.rudolf-steiner-malschule.ch\/wp-content\/uploads\/2015\/10\/P1000384-212x300.jpg 212w, https:\/\/www.rudolf-steiner-malschule.ch\/wp-content\/uploads\/2015\/10\/P1000384-724x1024.jpg 724w\" sizes=\"(max-width: 212px) 100vw, 212px\" \/><\/a><p id=\"caption-attachment-2070\" class=\"wp-caption-text\">Gemeinschaftliches Malen<\/p><\/div>\n<p><strong>My name is Nick Vane.<\/strong> Ich bin pensionierter Waldorflehrer und habe in den britischen Waldorfschulen Hereford und Kings Langley gearbeitet. Ich kam an die Rudolf Steiner Malschule, nachdem ich in Gro\u00dfbritannien an zahlreichen Malkursen teilgenommen hatte \u2013 auf der Suche nach einem Weg, wieder an Rudolf Steiners urspr\u00fcngliche Hinweise zur Malkunst anzukn\u00fcpfen, anstatt einfach den Traditionen zu folgen, die sich seit seinem Tod im k\u00fcnstlerischen, therapeutischen und p\u00e4dagogischen Bereich etabliert haben. Der Unterricht bei Caroline Chanter kam mir dabei sehr entgegen, weil er einen zutiefst unmittelbar erfahren l\u00e4sst, was die Farben von uns verlangen. Anstatt einer strikten Malmethode zu folgen, orientiert er sich an Rudolf Steiners praktischem und ph\u00e4nomenologischem Ansatz. Ich konnte alles hier Gelernte direkt im Klassenzimmer anwenden und dennoch blieb jede Stunde ein lebendiges Erlebnis f\u00fcr alle Beteiligten, ob es Kinder oder Erwachsene waren. Das Malen wird zum meditativen Weg, der die eigene Kreativit\u00e4t anregt. Dadurch sind die Kurse sowohl f\u00fcr Lehrer als auch f\u00fcr Therapeuten geeignet, sowie f\u00fcr jeden, der nach einem neuen Weg der k\u00fcnstlerischen inneren Entwicklung sucht.[\/vc_column_text][vc_separator][vc_column_text]<\/p>\n<div id=\"attachment_2072\" style=\"width: 310px\" class=\"wp-caption alignright\"><a href=\"http:\/\/www.rudolf-steiner-malschule.ch\/wp-content\/uploads\/2015\/10\/DSC9445.jpg\"><img loading=\"lazy\" decoding=\"async\" aria-describedby=\"caption-attachment-2072\" class=\"wp-image-2072 size-medium\" src=\"http:\/\/www.rudolf-steiner-malschule.ch\/wp-content\/uploads\/2015\/10\/DSC9445-300x300.jpg\" alt=\"\" width=\"300\" height=\"300\" srcset=\"https:\/\/www.rudolf-steiner-malschule.ch\/wp-content\/uploads\/2015\/10\/DSC9445-300x300.jpg 300w, https:\/\/www.rudolf-steiner-malschule.ch\/wp-content\/uploads\/2015\/10\/DSC9445-150x150.jpg 150w, https:\/\/www.rudolf-steiner-malschule.ch\/wp-content\/uploads\/2015\/10\/DSC9445-1021x1024.jpg 1021w, https:\/\/www.rudolf-steiner-malschule.ch\/wp-content\/uploads\/2015\/10\/DSC9445-180x180.jpg 180w, https:\/\/www.rudolf-steiner-malschule.ch\/wp-content\/uploads\/2015\/10\/DSC9445-600x600.jpg 600w, https:\/\/www.rudolf-steiner-malschule.ch\/wp-content\/uploads\/2015\/10\/DSC9445.jpg 1832w\" sizes=\"(max-width: 300px) 100vw, 300px\" \/><\/a><p id=\"caption-attachment-2072\" class=\"wp-caption-text\">Unterwegs zur Pflanzenmetamorphose<\/p><\/div>\n<p><strong>Ich hei\u00dfe Marie<\/strong>, ich bin K\u00fcnstlerin, komme aus Kanada und habe in den vergangenen f\u00fcnf Jahren an Kursen der Malschule am Goetheanum belegt. Ich habe erst an den kurzen englischsprachigen Kursen mit Caroline Chanter teilgenommen und hatte 2015 Gelegenheit, ein ganzes Semester dort zu studieren. Der Hauptgrund, warum ich immer wieder zur\u00fcckkomme, ist der Wunsch, mehr \u00fcber die praktische Umsetzung von Rudolf Steiners Hinweisen zu den Farben und \u00fcber seinen Kunstbegriff zu lernen. Der Ansatz der Malschule basiert auf Gerard Wagners Studien und Forschungen zu diesen Angaben. Als Malerin f\u00fchle ich mich dadurch ermutigt, weiter zu forschen und zu experimentieren, an meinem eigenen intuitiven Umgang mit den Farben zu arbeiten, und selbst zu sehen oder zu f\u00fchlen, was n\u00f6tig ist um auf das zu reagieren, was beim Malen geschieht. Dadurch dass die Malschule so nah am Goetheanum ist, konnte ich dort Konzerte und Eurythmie-Auff\u00fchrungen besuchen, die meine k\u00fcnstlerische Entdeckungsreise wunderbar erg\u00e4nzt haben. Ich freue mich schon auf die n\u00e4chste Gelegenheit, diese Erfahrungen neu zu beleben.[\/vc_column_text][vc_separator][vc_column_text]<\/p>\n<div id=\"attachment_2073\" style=\"width: 232px\" class=\"wp-caption alignright\"><a href=\"http:\/\/www.rudolf-steiner-malschule.ch\/wp-content\/uploads\/2015\/10\/DSC9397.jpg\"><img loading=\"lazy\" decoding=\"async\" aria-describedby=\"caption-attachment-2073\" class=\"wp-image-2073 size-medium\" src=\"http:\/\/www.rudolf-steiner-malschule.ch\/wp-content\/uploads\/2015\/10\/DSC9397-222x300.jpg\" alt=\"\" width=\"222\" height=\"300\" srcset=\"https:\/\/www.rudolf-steiner-malschule.ch\/wp-content\/uploads\/2015\/10\/DSC9397-222x300.jpg 222w, https:\/\/www.rudolf-steiner-malschule.ch\/wp-content\/uploads\/2015\/10\/DSC9397-756x1024.jpg 756w, https:\/\/www.rudolf-steiner-malschule.ch\/wp-content\/uploads\/2015\/10\/DSC9397.jpg 1294w\" sizes=\"(max-width: 222px) 100vw, 222px\" \/><\/a><p id=\"caption-attachment-2073\" class=\"wp-caption-text\">Gem\u00e4lde: kleine Kuppel<\/p><\/div>\n<p><strong>Ich hei\u00dfe Katrina<\/strong> und komme von den Philippinen. Mein Jahr an der Kunstschule hat mir ein tiefes Erleben von Kunst, Farbe, Natur, dem Kosmos und meiner Selbst vermittelt und daf\u00fcr bin ich sehr dankbar. Der Ansatz dieser Schule ist sehr menschlich, eine Lebensweise. Mit dieser Arbeitsweise gelingt es mir wirklich, zutiefst kreativ zu sein und meinem eigenen Menschsein wacher zu begegnen. Ich verstehe jetzt, warum sie therapeutisch ist und auch sozial heilend sein kann. Dar\u00fcber hinaus habe ich gelernt, dass \u00dcbungen, die einem zun\u00e4chst wie Wiederholungen vorkommen, nicht ein blo\u00dfes Echo des Vorhergehenden sind. Wie jeder Sonnenaufgang f\u00fcr das beobachtende Auge neu ist, so ist auch jedes Gelb jedes Mal neu. Ich habe den Eindruck, dass der \u201eempathische\u201c Umgang mit Farben die Sinne sch\u00e4rft; und zwar nicht nur das Auge, sondern auch den Sinn, der wahrnimmt, ob eine Farbe w\u00e4rmer oder k\u00fchler ist, ob sie bestimmte Formen annehmen will, und ob etwas zu viel, zu wenig oder \u201egenau richtig\u201c ist.[\/vc_column_text][vc_separator][vc_column_text]<\/p>\n<div id=\"attachment_2221\" style=\"width: 154px\" class=\"wp-caption alignright\"><a href=\"http:\/\/www.rudolf-steiner-malschule.ch\/wp-content\/uploads\/2015\/10\/IMG_20140802_102921-2.jpg\"><img loading=\"lazy\" decoding=\"async\" aria-describedby=\"caption-attachment-2221\" class=\"wp-image-2221 size-thumbnail\" src=\"http:\/\/www.rudolf-steiner-malschule.ch\/wp-content\/uploads\/2015\/10\/IMG_20140802_102921-2-e1446618865416-144x150.jpg\" alt=\"Version 5\" width=\"144\" height=\"150\" \/><\/a><p id=\"caption-attachment-2221\" class=\"wp-caption-text\">Avi<\/p><\/div>\n<p><strong>Ich hei\u00dfe Avi Doron<\/strong> and male seit zehn Jahren nach dem anthroposophischen Ansatz. Seit sieben Jahren unterrichte ich Kunst in der Oberstufe einer israelischen Schule. Ich unterrichte im F\u00f6rderbereich, in Kleingruppen und arbeite auch mit individuellen Sch\u00fclern und Lehrern. In den letzten f\u00fcnf Jahren habe ich an drei Kursen mit Caroline Chanter teilgenommen. Im Zentrum dieser Kurse standen die Skizzen Rudolf Steiners und die des Malers Gerard Wagner, der Steiners Arbeiten systematisch und gr\u00fcndlich erforschte.<\/p>\n<p>Im Laufe dieser Kurse, besonders bei meinem letzten, im Sommer 2015, habe ich einen bedeutenden Prozess durchlaufen. Wir machten Wahrnehmungs\u00fcbungen, um das Wesen, den Willen der Farbe zu erfassen: sollte man zart mit leichtem Pinselstrich malen oder die Farbe kr\u00e4ftig auf das Papier auftragen? Das Malen mit Pflanzenfarben hat ein tiefes Echo in mir hervorgerufen. Viele Fragen sind in mir aufgekommen. Es ist ein langer und anstrengender Weg, aber ich bin sicher, dass ich um eine neue Dimension bereichert werde und dass sich eine neue T\u00fcr f\u00fcr mich aufgetan hat. Das wirkt sich auch intensiv auf meine Kunst und meinen Unterricht aus. Ich freue mich schon auf den n\u00e4chsten Kurs. and male seit zehn Jahren nach dem anthroposophischen Ansatz. Seit sieben Jahren unterrichte ich Kunst in der Oberstufe einer israelischen Schule. Ich unterrichte im F\u00f6rderbereich, in Kleingruppen und arbeite auch mit individuellen Sch\u00fclern und Lehrern. In den letzten f\u00fcnf Jahren habe ich an drei Kursen mit Caroline Chanter teilgenommen. Im Zentrum dieser Kurse standen die Skizzen Rudolf Steiners und die des Malers Gerard Wagner, der Steiners Arbeiten systematisch und gr\u00fcndlich erforschte. Im Laufe dieser Kurse, besonders bei meinem letzten, im Sommer 2015, habe ich einen bedeutenden Prozess durchlaufen. Wir machten Wahrnehmungs\u00fcbungen, um das Wesen, den Willen der Farbe zu erfassen: sollte man zart mit leichtem Pinselstrich malen oder die Farbe kr\u00e4ftig auf das Papier auftragen?<\/p>\n<p>Das Malen mit Pflanzenfarben hat ein tiefes Echo in mir hervorgerufen. Viele Fragen sind in mir aufgekommen. Es ist ein langer und anstrengender Weg, aber ich bin sicher, dass ich um eine neue Dimension bereichert werde und dass sich eine neue T\u00fcr f\u00fcr mich aufgetan hat. Das wirkt sich auch intensiv auf meine Kunst und meinen Unterricht aus. Ich freue mich schon auf den n\u00e4chsten Kurs.[\/vc_column_text][vc_separator][vc_column_text]<\/p>\n<div id=\"attachment_2222\" style=\"width: 160px\" class=\"wp-caption alignright\"><a href=\"http:\/\/www.rudolf-steiner-malschule.ch\/wp-content\/uploads\/2015\/10\/IMG_20140802_102921-1.jpg\"><img loading=\"lazy\" decoding=\"async\" aria-describedby=\"caption-attachment-2222\" class=\"wp-image-2222 size-thumbnail\" src=\"http:\/\/www.rudolf-steiner-malschule.ch\/wp-content\/uploads\/2015\/10\/IMG_20140802_102921-1-150x150.jpg\" alt=\"Ariela\" width=\"150\" height=\"150\" srcset=\"https:\/\/www.rudolf-steiner-malschule.ch\/wp-content\/uploads\/2015\/10\/IMG_20140802_102921-1-150x150.jpg 150w, https:\/\/www.rudolf-steiner-malschule.ch\/wp-content\/uploads\/2015\/10\/IMG_20140802_102921-1-180x180.jpg 180w\" sizes=\"(max-width: 150px) 100vw, 150px\" \/><\/a><p id=\"caption-attachment-2222\" class=\"wp-caption-text\">Ariela<\/p><\/div>\n<p><strong>Mein Name ist Ariela Doron<\/strong>, ich lebe in Israel und bin langj\u00e4hrige Biografie-Therapeutin in eigener Praxis. Ich arbeite mit einzelnen Patienten, mit Paaren und mit Gruppen; au\u00dferdem unterrichte ich an einem j\u00e4hrlich stattfindenden Biographie-Seminar.<\/p>\n<p>Ich habe das anthroposophische Malen studiert, hatte aber dennoch das Gef\u00fchl, dass mir etwas Wesentliches fehlte, n\u00e4mlich das Verst\u00e4ndnis f\u00fcr die von Rudolf Steiner aufgezeigten geistigen Grundlagen. Ich konnte den Weg vom subjektiven k\u00fcnstlerischen Ausdruck zum objektiven Wesen der Farben nicht finden und hatte daher das Gef\u00fchl, dass es meinem pers\u00f6nlichen, beruflichen und geistigen Ansatz an Tiefe fehlte.<\/p>\n<p>Ich erlebte diese Tiefe zum ersten Mal, als uns Caroline Chanter mit den Originalskizzen Rudolf Steiners und den gr\u00fcndlichen Studien seines Nachfolgers, des Malers Gerard Wagner, bekannt machte. Ich f\u00fchlte, dass ich die Antwort auf meine Fragen gefunden hatte und das Malen wurde f\u00fcr mich zu einem zutiefst meditativen Weg der Verwandlung. Dieser Weg hat meine Kreativit\u00e4t erweckt und diese Erfahrung wirkt sich auch auf meine therapeutische Arbeit aus. Ich war auch erstaunt \u00fcber die Pflanzenfarben. Sie haben eine besondere Qualit\u00e4t und Leuchtkraft, die das emotionale und spirituelle Erleben beim Malen verst\u00e4rken. Seit dem letzten Kurs male ich mit Pflanzenfarben. Caroline Chanter lehrt aus einer tiefen Kenntnis und Verbundenheit mit der anthroposophischen Malerei heraus. Mit viel Feingef\u00fchl begleitet sie die Studierenden auf ihrem Weg und leitet sie ihrem individuellen Bed\u00fcrfnis entsprechend. Die Ergebnisse, die sie dabei erzielt, sprechen f\u00fcr sich.[\/vc_column_text][\/vc_column][\/vc_row]<\/p>\n<\/div>","protected":false},"excerpt":{"rendered":"<p>[vc_row][vc_column][vc_column_text] Was unsere Studenten sagen [\/vc_column_text][vc_column_text] My name is Nick Vane. Ich bin pensionierter Waldorflehrer und habe in den britischen Waldorfschulen Hereford und Kings Langley gearbeitet. Ich kam an die Rudolf Steiner Malschule, nachdem ich in Gro\u00dfbritannien an zahlreichen Malkursen teilgenommen hatte \u2013 auf der Suche nach einem Weg, wieder an Rudolf Steiners urspr\u00fcngliche Hinweise&nbsp;<\/p>\n<p><a class=\"btn btn-style\" href=\"https:\/\/www.rudolf-steiner-malschule.ch\/de\/courses\/what-former-students-say\/\">Continue Reading<\/a><\/p>\n","protected":false},"author":1,"featured_media":0,"parent":2285,"menu_order":0,"comment_status":"closed","ping_status":"closed","template":"page-right-sidebar.php","meta":{"footnotes":""},"_links":{"self":[{"href":"https:\/\/www.rudolf-steiner-malschule.ch\/de\/wp-json\/wp\/v2\/pages\/2310"}],"collection":[{"href":"https:\/\/www.rudolf-steiner-malschule.ch\/de\/wp-json\/wp\/v2\/pages"}],"about":[{"href":"https:\/\/www.rudolf-steiner-malschule.ch\/de\/wp-json\/wp\/v2\/types\/page"}],"author":[{"embeddable":true,"href":"https:\/\/www.rudolf-steiner-malschule.ch\/de\/wp-json\/wp\/v2\/users\/1"}],"replies":[{"embeddable":true,"href":"https:\/\/www.rudolf-steiner-malschule.ch\/de\/wp-json\/wp\/v2\/comments?post=2310"}],"version-history":[{"count":3,"href":"https:\/\/www.rudolf-steiner-malschule.ch\/de\/wp-json\/wp\/v2\/pages\/2310\/revisions"}],"predecessor-version":[{"id":2422,"href":"https:\/\/www.rudolf-steiner-malschule.ch\/de\/wp-json\/wp\/v2\/pages\/2310\/revisions\/2422"}],"up":[{"embeddable":true,"href":"https:\/\/www.rudolf-steiner-malschule.ch\/de\/wp-json\/wp\/v2\/pages\/2285"}],"wp:attachment":[{"href":"https:\/\/www.rudolf-steiner-malschule.ch\/de\/wp-json\/wp\/v2\/media?parent=2310"}],"curies":[{"name":"wp","href":"https:\/\/api.w.org\/{rel}","templated":true}]}}