{"id":2294,"date":"2015-10-09T07:36:31","date_gmt":"2015-10-09T07:36:31","guid":{"rendered":"http:\/\/www.rudolf-steiner-malschule.ch\/de\/courses\/short-courses-workshops\/"},"modified":"2024-09-13T19:05:44","modified_gmt":"2024-09-13T17:05:44","slug":"short-courses-workshops","status":"publish","type":"page","link":"https:\/\/www.rudolf-steiner-malschule.ch\/de\/courses\/short-courses-workshops\/","title":{"rendered":"Swaasthyakala Niketan \u2013 India"},"content":{"rendered":"<div class=\"wpb-content-wrapper\"><p>[vc_row][vc_column][vc_column_text]<span style=\"font-size: 18pt;\"><strong>Swaasthyakala Niketan &#8211; Indien<\/strong><\/span><\/p>\n<p><span style=\"font-size: 14pt;\">Swaasthyakala Niketan, eine Kunsttherapie-Schule in Bangalore, Indien, ist eine Zweigstelle der Rudolf Steiner Malschule in Dornach. Sie ist Mitglied der iARTe (International Association of Anthroposophic Art Therapies Education) und wird von der Medizinischen Sektion der Freien Hochschule f\u00fcr Geisteswissenschaft am Goetheanum, Dornach Schweiz, anerkannt.<\/span><\/p>\n<p><span style=\"font-size: 14pt;\">Im Jahr 2014 begann bei Swaasthyakala Niketan eine vierj\u00e4hrige Weiterbildung in Anthroposophischer Kunsttherapie. Sieben Studenten schlossen erfolgreich ab und arbeiten in Bangalore, Hyderabad und Chennai. Kontaktadressen k\u00f6nnen \u00fcber die Rudolf-Steiner-Malschule erfragt werden.<\/span><\/p>\n<p><span style=\"font-size: 14pt;\">Die Initiatoren und Haupttr\u00e4ger der Kunsttherapie-Ausbildung sind Dr. Wahida Shaikh Murthy und Caroline Chanter. Die Ausbildung besteht aus Malen mit Pflanzenpigmenten, Tonmodellieren und Schwarz-Wei\u00df-Zeichnen. W\u00e4hrend der Ausbildung werden medizinische Vortr\u00e4ge gehalten<\/span><\/p>\n<p><strong><span style=\"font-size: 14pt;\">Fortbildung in Malerei<\/span><\/strong><\/p>\n<p><span style=\"font-size: 14pt;\">2017 begann in Mumbai eine Ausbildung in anthroposophischer Malerei. Im Mittelpunkt stehen die von Rudolf Steiner gegebenen Ausbildungsskizzen f\u00fcr eine neue Malkunst. Diese Skizzen geben eine Grundlage f\u00fcr die k\u00fcnstlerische Arbeit im p\u00e4dagogischen und sozialtherapeutischen Bereich. F\u00fcr weitere Informationen <a href=\"mailto: jshree_rao@yahoo.co.in\">kontaktieren Sie Jayashree Rao<\/a>.<\/span><\/p>\n<p>&nbsp;<\/p>\n<p><span style=\"font-size: 14pt; font-family: baar-sophia;\"><strong>DIE NEUE 3-J\u00c4HRIGE AUSBILDUNG IN BANGALORE BEGINNT IM NOVEMBER 2024.<\/strong><\/span><\/p>\n<p><span style=\"font-family: baar-sophia; font-size: 14pt;\">Kontakt: <a href=\"https:\/\/www.rudolf-steiner-malschule.ch\/courses\/short-courses-workshops\/wahidaam@gmail.com\">Dr. Wahida Shaikh Murthy<\/a>.<\/span>[\/vc_column_text][vc_single_image image=&#8220;3778&#8243; img_size=&#8220;full&#8220; alignment=&#8220;center&#8220;][vc_single_image image=&#8220;3779&#8243; img_size=&#8220;full&#8220; alignment=&#8220;center&#8220;][vc_column_text]<span style=\"font-family: baar-sophia; font-size: 14pt;\">Auf der Website finden Sie die Kursstruktur und Einzelheiten zur Bewerbung unter: <\/span><br \/>\n<a href=\"https:\/\/swasthyaniketan.org\/swaasthyakalaniketan\/\/\"><span style=\"font-family: baar-sophia; font-size: 14pt;\">https:\/\/swasthyaniketan.org\/swaasthyakalaniketan\/\/<\/span><\/a><br \/>\n<span style=\"font-family: baar-sophia; font-size: 14pt;\">Melden Sie sich hier an: <a href=\"https:\/\/forms.gle\/5qCtUSbTVsCc3Qcs9\">https:\/\/forms.gle\/5qCtUSbTVsCc3Qcs9<\/a><\/span>[\/vc_column_text][\/vc_column][\/vc_row][vc_row full_width=&#8220;stretch_row_content_no_spaces&#8220; gap=&#8220;35&#8243; full_height=&#8220;yes&#8220;][vc_column][vc_single_image image=&#8220;3544&#8243; img_size=&#8220;full&#8220; add_caption=&#8220;yes&#8220; onclick=&#8220;img_link_large&#8220; img_link_target=&#8220;_blank&#8220;][vc_single_image image=&#8220;3543&#8243; img_size=&#8220;full&#8220; add_caption=&#8220;yes&#8220; onclick=&#8220;img_link_large&#8220; img_link_target=&#8220;_blank&#8220;][vc_single_image image=&#8220;3271&#8243; img_size=&#8220;full&#8220; add_caption=&#8220;yes&#8220;][vc_single_image image=&#8220;2685&#8243; img_size=&#8220;full&#8220; add_caption=&#8220;yes&#8220; onclick=&#8220;img_link_large&#8220; img_link_target=&#8220;_blank&#8220;][\/vc_column][\/vc_row]<\/p>\n<\/div>","protected":false},"excerpt":{"rendered":"<p>[vc_row][vc_column][vc_column_text]Swaasthyakala Niketan &#8211; Indien Swaasthyakala Niketan, eine Kunsttherapie-Schule in Bangalore, Indien, ist eine Zweigstelle der Rudolf Steiner Malschule in Dornach. Sie ist Mitglied der iARTe (International Association of Anthroposophic Art Therapies Education) und wird von der Medizinischen Sektion der Freien Hochschule f\u00fcr Geisteswissenschaft am Goetheanum, Dornach Schweiz, anerkannt. Im Jahr 2014 begann bei Swaasthyakala Niketan&nbsp;<\/p>\n<p><a class=\"btn btn-style\" href=\"https:\/\/www.rudolf-steiner-malschule.ch\/de\/courses\/short-courses-workshops\/\">Continue Reading<\/a><\/p>\n","protected":false},"author":1,"featured_media":0,"parent":2285,"menu_order":0,"comment_status":"closed","ping_status":"closed","template":"","meta":{"footnotes":""},"_links":{"self":[{"href":"https:\/\/www.rudolf-steiner-malschule.ch\/de\/wp-json\/wp\/v2\/pages\/2294"}],"collection":[{"href":"https:\/\/www.rudolf-steiner-malschule.ch\/de\/wp-json\/wp\/v2\/pages"}],"about":[{"href":"https:\/\/www.rudolf-steiner-malschule.ch\/de\/wp-json\/wp\/v2\/types\/page"}],"author":[{"embeddable":true,"href":"https:\/\/www.rudolf-steiner-malschule.ch\/de\/wp-json\/wp\/v2\/users\/1"}],"replies":[{"embeddable":true,"href":"https:\/\/www.rudolf-steiner-malschule.ch\/de\/wp-json\/wp\/v2\/comments?post=2294"}],"version-history":[{"count":22,"href":"https:\/\/www.rudolf-steiner-malschule.ch\/de\/wp-json\/wp\/v2\/pages\/2294\/revisions"}],"predecessor-version":[{"id":3840,"href":"https:\/\/www.rudolf-steiner-malschule.ch\/de\/wp-json\/wp\/v2\/pages\/2294\/revisions\/3840"}],"up":[{"embeddable":true,"href":"https:\/\/www.rudolf-steiner-malschule.ch\/de\/wp-json\/wp\/v2\/pages\/2285"}],"wp:attachment":[{"href":"https:\/\/www.rudolf-steiner-malschule.ch\/de\/wp-json\/wp\/v2\/media?parent=2294"}],"curies":[{"name":"wp","href":"https:\/\/api.w.org\/{rel}","templated":true}]}}