{"id":2289,"date":"2015-10-09T07:34:12","date_gmt":"2015-10-09T07:34:12","guid":{"rendered":"http:\/\/www.rudolf-steiner-malschule.ch\/de\/courses\/full-and-part-time-training\/"},"modified":"2021-07-15T20:25:15","modified_gmt":"2021-07-15T18:25:15","slug":"full-and-part-time-training","status":"publish","type":"page","link":"https:\/\/www.rudolf-steiner-malschule.ch\/de\/courses\/full-and-part-time-training\/","title":{"rendered":"Voll- und Teilzeitstudium"},"content":{"rendered":"<div class=\"wpb-content-wrapper\"><p>[vc_row][vc_column][vc_column_text]<\/p>\n<h3>Voll- und Teilzeitstudium<\/h3>\n<div id=\"attachment_2015\" style=\"width: 310px\" class=\"wp-caption alignright\"><a href=\"http:\/\/www.rudolf-steiner-malschule.ch\/wp-content\/uploads\/2015\/10\/DSC9163.jpg\"><img loading=\"lazy\" decoding=\"async\" aria-describedby=\"caption-attachment-2015\" class=\"wp-image-2015 size-medium\" src=\"http:\/\/www.rudolf-steiner-malschule.ch\/wp-content\/uploads\/2015\/10\/DSC9163-300x200.jpg\" alt=\"_DSC9163\" width=\"300\" height=\"200\" srcset=\"https:\/\/www.rudolf-steiner-malschule.ch\/wp-content\/uploads\/2015\/10\/DSC9163-300x200.jpg 300w, https:\/\/www.rudolf-steiner-malschule.ch\/wp-content\/uploads\/2015\/10\/DSC9163-1024x681.jpg 1024w, https:\/\/www.rudolf-steiner-malschule.ch\/wp-content\/uploads\/2015\/10\/DSC9163-750x500.jpg 750w\" sizes=\"(max-width: 300px) 100vw, 300px\" \/><\/a><p id=\"caption-attachment-2015\" class=\"wp-caption-text\">Anwendung erlernter Techniken<\/p><\/div>\n<p>Die Rudolf Steiner Malschule hat interessante Angebote f\u00fcr jeden, der gerne Malunterricht nehmen m\u00f6chte \u2013 ob f\u00fcr k\u00fcrzere oder l\u00e4ngere Zeit: eine intensive Begegnung in einem unserer Kurse mit einer Methode, die eine F\u00fclle von neuen Inspirationen erweckt, oder ein intensives Malstudium von ein bis vier Jahren.<\/p>\n<p>F\u00fcr den Unterricht am Samstagvormittag kontaktieren Sie bitte<\/p>\n<p>Robert Wroblewski<br \/>\nrobertwroblewski71@gmail.com<br \/>\n+41 (0) 775 20 02 61<\/p>\n<h3>Studieng\u00e4nge<\/h3>\n<p>Das Programm f\u00fcr Vollzeitstudierende erstreckt sich \u00fcber f\u00fcnf Vormittage pro Woche. Wer berufsbegleitend studieren m\u00f6chte, kann entweder an einem oder mehreren Vormittagen pro Woche teilnehmen oder an Studienbl\u00f6cken von einer bis mehreren Wochen pro Trimester.<\/p>\n<p>Ausl\u00e4ndische Studenten k\u00f6nnen sich f\u00fcr l\u00e4ngere Studienzeiten in Form von Modulen entscheiden. Beliebt sind auch unsere Weiterbildungsangebote. K\u00fcnstler, kunsttherapeutisch T\u00e4tige und andere Kunstinteressierte k\u00f6nnen f\u00fcr einige Wochen bis hin zu einem Trimester oder l\u00e4nger am Unterricht teilnehmen. Kontaktieren Sie uns, wenn Sie Interesse haben und wir werden mit Ihnen ein auf ihre individuellen Bed\u00fcrfnisse abgestimmtes Angebot zusammenstellen.<\/p>\n<p>Das akademische Jahr ist in drei Trimester von jeweils ungef\u00e4hr zehn Wochen unterteilt. Unterrichtszeiten sind montags bis freitags. Das Atelier ist nachmittags und an den meisten Wochenenden f\u00fcr individuelles \u00dcben und Arbeiten ge\u00f6ffnet.<\/p>\n<p>Das vielf\u00e4ltige kulturelle Angebot am Goetheanum macht Dornach zu einem anregenden und bereichernden Studienort.<\/p>\n<p>&nbsp;<\/p>\n<h3>Abschl\u00fcsse<\/h3>\n<p>Die Studiendauer richtet sich nach dem individuellen Interesse und den Bed\u00fcrfnissen der Studierenden, ob sie nun pers\u00f6nliche Ziele verfolgen oder einen offiziellen Abschluss anstreben. Zur Best\u00e4tigung der Studienteilnahme stellt die Malschule Zertifikate aus. F\u00fcr das Diplom der Malschule, das von der Sektion f\u00fcr Bildende K\u00fcnste der Hochschule f\u00fcr Geisteswissenschaft am Goetheanum anerkannt wird, ist das l\u00e4ngere Studium erforderlich.[\/vc_column_text][vc_btn title=&#8220;Zur Anmeldung&#8220; style=&#8220;classic&#8220; shape=&#8220;square&#8220; color=&#8220;chino&#8220; size=&#8220;lg&#8220; link=&#8220;url:http%3A%2F%2Fwww.rudolf-steiner-malschule.ch%2Fde%2Fcourses%2Fapply%2F&#8220;][\/vc_column][\/vc_row]<\/p>\n<\/div>","protected":false},"excerpt":{"rendered":"<p>[vc_row][vc_column][vc_column_text] Voll- und Teilzeitstudium Die Rudolf Steiner Malschule hat interessante Angebote f\u00fcr jeden, der gerne Malunterricht nehmen m\u00f6chte \u2013 ob f\u00fcr k\u00fcrzere oder l\u00e4ngere Zeit: eine intensive Begegnung in einem unserer Kurse mit einer Methode, die eine F\u00fclle von neuen Inspirationen erweckt, oder ein intensives Malstudium von ein bis vier Jahren. F\u00fcr den Unterricht am&nbsp;<\/p>\n<p><a class=\"btn btn-style\" href=\"https:\/\/www.rudolf-steiner-malschule.ch\/de\/courses\/full-and-part-time-training\/\">Continue Reading<\/a><\/p>\n","protected":false},"author":1,"featured_media":0,"parent":2285,"menu_order":0,"comment_status":"closed","ping_status":"closed","template":"page-right-sidebar.php","meta":{"footnotes":""},"_links":{"self":[{"href":"https:\/\/www.rudolf-steiner-malschule.ch\/de\/wp-json\/wp\/v2\/pages\/2289"}],"collection":[{"href":"https:\/\/www.rudolf-steiner-malschule.ch\/de\/wp-json\/wp\/v2\/pages"}],"about":[{"href":"https:\/\/www.rudolf-steiner-malschule.ch\/de\/wp-json\/wp\/v2\/types\/page"}],"author":[{"embeddable":true,"href":"https:\/\/www.rudolf-steiner-malschule.ch\/de\/wp-json\/wp\/v2\/users\/1"}],"replies":[{"embeddable":true,"href":"https:\/\/www.rudolf-steiner-malschule.ch\/de\/wp-json\/wp\/v2\/comments?post=2289"}],"version-history":[{"count":9,"href":"https:\/\/www.rudolf-steiner-malschule.ch\/de\/wp-json\/wp\/v2\/pages\/2289\/revisions"}],"predecessor-version":[{"id":2765,"href":"https:\/\/www.rudolf-steiner-malschule.ch\/de\/wp-json\/wp\/v2\/pages\/2289\/revisions\/2765"}],"up":[{"embeddable":true,"href":"https:\/\/www.rudolf-steiner-malschule.ch\/de\/wp-json\/wp\/v2\/pages\/2285"}],"wp:attachment":[{"href":"https:\/\/www.rudolf-steiner-malschule.ch\/de\/wp-json\/wp\/v2\/media?parent=2289"}],"curies":[{"name":"wp","href":"https:\/\/api.w.org\/{rel}","templated":true}]}}