{"id":2285,"date":"2014-12-23T11:13:20","date_gmt":"2014-12-23T11:13:20","guid":{"rendered":"http:\/\/www.rudolf-steiner-malschule.ch\/de\/courses\/"},"modified":"2021-07-15T20:23:40","modified_gmt":"2021-07-15T18:23:40","slug":"courses","status":"publish","type":"page","link":"https:\/\/www.rudolf-steiner-malschule.ch\/de\/courses\/","title":{"rendered":"Trainings &#038; Kurse"},"content":{"rendered":"<div class=\"wpb-content-wrapper\"><p>[vc_row][vc_column][vc_column_text]<\/p>\n<h3><span style=\"font-size: 18pt;\">Was wir lehren<\/span><\/h3>\n<div id=\"attachment_2011\" style=\"width: 310px\" class=\"wp-caption alignright\"><a href=\"http:\/\/www.rudolf-steiner-malschule.ch\/wp-content\/uploads\/2014\/12\/P1000662.jpeg\"><img loading=\"lazy\" decoding=\"async\" aria-describedby=\"caption-attachment-2011\" class=\"wp-image-2011 size-medium\" src=\"http:\/\/www.rudolf-steiner-malschule.ch\/wp-content\/uploads\/2014\/12\/P1000662-300x169.jpeg\" alt=\"P1000662\" width=\"300\" height=\"169\" srcset=\"https:\/\/www.rudolf-steiner-malschule.ch\/wp-content\/uploads\/2014\/12\/P1000662-300x169.jpeg 300w, https:\/\/www.rudolf-steiner-malschule.ch\/wp-content\/uploads\/2014\/12\/P1000662-1024x576.jpeg 1024w, https:\/\/www.rudolf-steiner-malschule.ch\/wp-content\/uploads\/2014\/12\/P1000662.jpeg 1280w\" sizes=\"(max-width: 300px) 100vw, 300px\" \/><\/a><p id=\"caption-attachment-2011\" class=\"wp-caption-text\"><span style=\"font-size: 14pt;\">Lernen, Farben auf Pflanzenbasis herzustellen.<\/span><\/p><\/div>\n<p><span style=\"font-size: 14pt;\">Lernen, wie man Farben auf Pflanzenbasis herstellt.<\/span><br \/>\n<span style=\"font-size: 14pt;\">Wir n\u00e4hern uns der Malerei durch die Technik des Aquarells. Wir bevorzugen Pigmente auf Pflanzenbasis, die eine besondere Lichtqualit\u00e4t und belebende Wirkung auf die Seele haben.<\/span><\/p>\n<p><span style=\"font-size: 14pt;\">Die Ausbildung basiert auf Hinweisen f\u00fcr eine neue Malkunst, die Dr.Rudolf Steiner (1861-1925) in seinen Vortr\u00e4gen, Bildern und Skizzen gegeben hat. Diese unter dem Namen Schulungsskizzen bekannten &#8222;Bildsamen&#8220; entstanden auf Wunsch der Malerin Henni Geck als Wegweiser f\u00fcr ihre Malschule. Henni Geck (1884-1951) war die erste Malerin, die diese Zeichen verwendete.<\/span><\/p>\n<p><span style=\"font-size: 14pt;\">1928 wurde Gerard Wagner (1906-1999) Sch\u00fcler von Henni Geck und orientierte sich in den folgenden Jahren in seiner Malerei und Farbforschung an den Trainingsskizzen. In ihnen fand er einen Schl\u00fcssel zur Beantwortung der Frage, wie aus der Farbe die Form entsteht. Er schrieb:<\/span><\/p>\n<p><span style=\"font-size: 14pt;\">Rudolf Steiner formulierte die f\u00fcr den Maler heute entscheidende Frage: Wie entsteht die Form aus der Farbe? Rudolf Steiner hat in seinen Skizzen und Gem\u00e4lden Beispiele daf\u00fcr gegeben, wie die Farbe zur Form f\u00fchren kann und wie die Welt der Gestaltungskr\u00e4fte erfahrbar wird. Deshalb k\u00f6nnen die Schulungsskizzen als der Beginn einer neuen Malerei angesehen werden, die der Entwicklung des modernen Bewusstseins entspricht.<\/span>[\/vc_column_text][vc_column_text]<span style=\"font-size: 18pt;\"><strong>Lehrplan<\/strong><\/span><br \/>\n<span style=\"font-size: 14pt;\">Das Curriculum soll die Einsicht in die Zusammenh\u00e4nge von Farbe und Form entwickeln; Ziel ist es, zu einer individuellen lebendigen Erfahrung zu gelangen, wie aus der Farbe die Form entsteht.<\/span><\/p>\n<p><span style=\"font-size: 14pt;\">Kurze Bl\u00f6cke der Farbeurythmie und des schwarz-wei\u00df schattierten Zeichnens begleiten die malerische T\u00e4tigkeit.<\/span><\/p>\n<p><span style=\"font-size: 14pt;\">Die Inhalte der Studiensitzungen sind meist Rudolf Steiners Vortr\u00e4ge \u00fcber Kunst, Farbe und Kunstgeschichte. Diese &#8222;Studiensitzungen&#8220; bestehen aus Lekt\u00fcre, Gespr\u00e4ch und Sch\u00fcler- oder Lehrervortr\u00e4gen.<\/span><\/p>\n<p><span style=\"font-size: 14pt;\"><strong>Der Lehrplan f\u00fcr die Malerei umfasst:<\/strong><\/span><\/p>\n<p><span style=\"font-size: 14pt;\">Die Farbtheorien von Johann Wolfgang von Goethe (1749-1832)\u00a0<\/span><span style=\"font-size: 14pt;\">und Dr. Rudolf Steiner (1861-1925).<\/span><br \/>\n<span style=\"font-size: 14pt;\">Farbbalance als Prinzip der Einheit und Harmonie: warme und k\u00fchle Farben;\u00a0<\/span><span style=\"font-size: 14pt;\">Bild- und Glanzfarben; hell und dunkel.<\/span><br \/>\n<span style=\"font-size: 14pt;\">Komposition: &#8222;Einmessen&#8220; der Farben in den Bildraum;\u00a0<\/span><span style=\"font-size: 14pt;\">die innere Balance des Menschen als &#8222;Messinstrument&#8220;.<\/span><br \/>\n<span style=\"font-size: 14pt;\">Erweiterung der F\u00e4higkeit, Farbe zu erleben: Ma\u00df, Zahl und Gewicht als qualitative Erfahrung; schwerelose Farbe.<\/span><br \/>\n<span style=\"font-size: 14pt;\">Farbprozesse &#8211; Naturprozesse: Rhythmen; der Zyklus des Jahres;<\/span><br \/>\n<span style=\"font-size: 14pt;\">Wachsen und Vergehen; Auf- und Untergang.<\/span><br \/>\n<span style=\"font-size: 14pt;\">Motivwandlung bis hin zur Metamorphose.<\/span><br \/>\n<span style=\"font-size: 14pt;\">Selbstentwicklung: Malen als Weg der Meditation.<\/span><br \/>\n<span style=\"font-size: 14pt;\">Maltherapie: inneres Gleichgewicht und Gesundheit.<\/span><br \/>\n<span style=\"font-size: 14pt;\">Pflanzenfarben: Herstellung von Pflanzenpigmenten und deren Verwendung.<\/span>[\/vc_column_text][vc_column_text]<span style=\"font-size: 14pt;\"><strong>Studienm\u00f6glichkeiten<\/strong><\/span><\/p>\n<ul class=\"sub-menu\">\n<li id=\"menu-item-1906\" class=\"menu-item menu-item-type-post_type menu-item-object-page menu-item-1906\"><span style=\"font-size: 14pt;\"><a href=\"http:\/\/www.rudolf-steiner-malschule.ch\/de\/courses\/full-and-part-time-training\/\">Voll und Teilzeitstudium<\/a><\/span><\/li>\n<li id=\"menu-item-1905\" class=\"menu-item menu-item-type-post_type menu-item-object-page menu-item-1905\"><span style=\"font-size: 14pt;\"><a href=\"http:\/\/www.rudolf-steiner-malschule.ch\/de\/courses\/summer-course\/\">Sommer-Malkurse<\/a><\/span><\/li>\n<\/ul>\n<p>[\/vc_column_text][\/vc_column][\/vc_row]<\/p>\n<\/div>","protected":false},"excerpt":{"rendered":"<p>[vc_row][vc_column][vc_column_text] Was wir lehren Lernen, wie man Farben auf Pflanzenbasis herstellt. Wir n\u00e4hern uns der Malerei durch die Technik des Aquarells. Wir bevorzugen Pigmente auf Pflanzenbasis, die eine besondere Lichtqualit\u00e4t und belebende Wirkung auf die Seele haben. Die Ausbildung basiert auf Hinweisen f\u00fcr eine neue Malkunst, die Dr.Rudolf Steiner (1861-1925) in seinen Vortr\u00e4gen, Bildern und&nbsp;<\/p>\n<p><a class=\"btn btn-style\" href=\"https:\/\/www.rudolf-steiner-malschule.ch\/de\/courses\/\">Continue Reading<\/a><\/p>\n","protected":false},"author":1,"featured_media":0,"parent":0,"menu_order":0,"comment_status":"open","ping_status":"open","template":"","meta":{"footnotes":""},"_links":{"self":[{"href":"https:\/\/www.rudolf-steiner-malschule.ch\/de\/wp-json\/wp\/v2\/pages\/2285"}],"collection":[{"href":"https:\/\/www.rudolf-steiner-malschule.ch\/de\/wp-json\/wp\/v2\/pages"}],"about":[{"href":"https:\/\/www.rudolf-steiner-malschule.ch\/de\/wp-json\/wp\/v2\/types\/page"}],"author":[{"embeddable":true,"href":"https:\/\/www.rudolf-steiner-malschule.ch\/de\/wp-json\/wp\/v2\/users\/1"}],"replies":[{"embeddable":true,"href":"https:\/\/www.rudolf-steiner-malschule.ch\/de\/wp-json\/wp\/v2\/comments?post=2285"}],"version-history":[{"count":10,"href":"https:\/\/www.rudolf-steiner-malschule.ch\/de\/wp-json\/wp\/v2\/pages\/2285\/revisions"}],"predecessor-version":[{"id":3076,"href":"https:\/\/www.rudolf-steiner-malschule.ch\/de\/wp-json\/wp\/v2\/pages\/2285\/revisions\/3076"}],"wp:attachment":[{"href":"https:\/\/www.rudolf-steiner-malschule.ch\/de\/wp-json\/wp\/v2\/media?parent=2285"}],"curies":[{"name":"wp","href":"https:\/\/api.w.org\/{rel}","templated":true}]}}