{"id":2271,"date":"2015-10-06T16:19:24","date_gmt":"2015-10-06T16:19:24","guid":{"rendered":"http:\/\/www.rudolf-steiner-malschule.ch\/de\/who-we-are\/gerard-wagner\/"},"modified":"2026-04-08T22:30:47","modified_gmt":"2026-04-08T20:30:47","slug":"gerard-wagner","status":"publish","type":"page","link":"https:\/\/www.rudolf-steiner-malschule.ch\/de\/who-we-are\/gerard-wagner\/","title":{"rendered":"Gerard Wagner"},"content":{"rendered":"<div class=\"wpb-content-wrapper\"><p>[vc_row][vc_column][vc_column_text]<\/p>\n<h3><span style=\"font-size: 18pt; font-family: baar-sophia;\">\u00dcber Gerard Wagner (1906-1999)<\/span><\/h3>\n<p><img loading=\"lazy\" decoding=\"async\" class=\"alignright wp-image-4026 size-medium\" src=\"https:\/\/www.rudolf-steiner-malschule.ch\/wp-content\/uploads\/2025\/12\/Chanter_Wagner_DE_v49_4-copy-213x300.jpeg\" alt=\"\" width=\"213\" height=\"300\" srcset=\"https:\/\/www.rudolf-steiner-malschule.ch\/wp-content\/uploads\/2025\/12\/Chanter_Wagner_DE_v49_4-copy-213x300.jpeg 213w, https:\/\/www.rudolf-steiner-malschule.ch\/wp-content\/uploads\/2025\/12\/Chanter_Wagner_DE_v49_4-copy.jpeg 454w\" sizes=\"(max-width: 213px) 100vw, 213px\" \/><\/p>\n<p><span style=\"font-size: 14pt; font-family: baar-sophia;\">Gerard Wagner war ein englischer Maler, der in der N\u00e4he des Goetheanum in Dornach lebte und arbeitete. Er orientierte sich an den Hinweisen Rudolf Steiners f\u00fcr eine neue Malkunst.<\/span><\/p>\n<p><span style=\"font-size: 14pt; font-family: baar-sophia;\">1928 wurde Gerard Wagner Sch\u00fcler von Henni Geck und st\u00fctzte sich in den folgenden Jahren in seiner Malerei und Farbforschung auf die &#8222;Schulungsskizzen&#8220;. In ihnen fand er einen Schl\u00fcssel zur Beantwortung der Frage, wie aus der Farbe die Form entsteht. Er schrieb in der Einleitung zur Tiermetamorphose, 1972:<\/span><\/p>\n<p><span style=\"font-size: 14pt; font-family: baar-sophia;\">Rudolf Steiner formulierte die Frage, die f\u00fcr die Maler unserer Zeit die entscheidende ist: Wie entsteht aus der Farbe die Form? Rudolf Steiner hat in seinen Skizzen und Gem\u00e4lden Beispiele daf\u00fcr gegeben, wie die Farbe zur Form f\u00fchren kann, ebenso wie zum Erleben der Welt der gestaltenden Kr\u00e4fte. Deshalb k\u00f6nnen die Schulungsskizzen als Beginn einer neuen Malkunst angesehen werden, die der Entwicklung des modernen Bewusstseins entspricht.<\/span><\/p>\n<p><span style=\"font-size: 14pt; font-family: baar-sophia;\">Gerard Wagners Archiv von \u00fcber 4&#8217;000 Bildern und zahlreiche Arbeitsbl\u00e4tter der experimentellen Farbforschung sind weiterhin eine Quelle der Inspiration f\u00fcr die Malschule.<\/span><\/p>\n<p><span style=\"font-family: baar-sophia;\"><a href=\"https:\/\/www.rudolf-steiner-malschule.ch\/de\/galerie\/\"><span style=\"font-size: 14pt;\">Besuchen Sie die Galerie der Rudolf Steiner Malschule, um Originale seiner Arbeiten zu sehen.<\/span><\/a><\/span><\/p>\n<p style=\"font-weight: 400;\"><span style=\"font-family: baar-sophia; font-size: 14pt;\"><strong>F\u00dcR ARCHIVBESUCHE,<\/strong>\u00a0kontakt Caroline Chanter,\u00a0<a href=\"mailto:c.chanter@iriscolor.ch\">c.chanter@iriscolor.ch<\/a>\u00a0 061-702 14 23<\/span><\/p>\n<p style=\"font-weight: 400;\"><span style=\"font-family: baar-sophia; font-size: 14pt;\"><strong>Samstag 14 Juni,<\/strong>Thema: Die Kuppelmotive von Rudolf Steiner<\/span><\/p>\n<p style=\"font-weight: 400;\"><span style=\"font-family: baar-sophia; font-size: 14pt;\"><strong>Samstag 8 November,\u00a0<\/strong>Thema:<strong>\u00a0<\/strong>Die \u00dcberwindung des B\u00f6sen \u2013 das Motiv der Menschheitsrepr\u00e4sentant von Rudolf Steiner<\/span><\/p>\n<p style=\"font-weight: 400;\"><span style=\"font-family: baar-sophia; font-size: 14pt;\">Gruppe 1. 10.30 \u2013 12h \/Gruppe 2.\u00a0 15 -16.30h<\/span><\/p>\n<p style=\"font-weight: 400;\"><span style=\"font-family: baar-sophia; font-size: 14pt;\">(Anmeldung n\u00f6tig)\u00a0<\/span><\/p>\n<p>[\/vc_column_text][vc_column_text]<\/p>\n<div id=\"attachment_2117\" style=\"width: 760px\" class=\"wp-caption alignnone\"><a href=\"http:\/\/www.rudolf-steiner-malschule.ch\/wp-content\/uploads\/2015\/10\/Gerhard-Wagner-metamorphosis.jpg\"><img loading=\"lazy\" decoding=\"async\" aria-describedby=\"caption-attachment-2117\" class=\"wp-image-2117\" src=\"http:\/\/www.rudolf-steiner-malschule.ch\/wp-content\/uploads\/2015\/10\/Gerhard-Wagner-metamorphosis-1024x186.jpg\" alt=\"\" width=\"750\" height=\"136\" srcset=\"https:\/\/www.rudolf-steiner-malschule.ch\/wp-content\/uploads\/2015\/10\/Gerhard-Wagner-metamorphosis-1024x186.jpg 1024w, https:\/\/www.rudolf-steiner-malschule.ch\/wp-content\/uploads\/2015\/10\/Gerhard-Wagner-metamorphosis-300x55.jpg 300w, https:\/\/www.rudolf-steiner-malschule.ch\/wp-content\/uploads\/2015\/10\/Gerhard-Wagner-metamorphosis.jpg 1871w\" sizes=\"(max-width: 750px) 100vw, 750px\" \/><\/a><p id=\"caption-attachment-2117\" class=\"wp-caption-text\">Beispiel einer Farbmetamorphose (Gerard Wagner)<\/p><\/div>\n<p>[\/vc_column_text][vc_column_text]<\/p>\n<div>\n<div style=\"text-align: center;\"><span style=\"font-family: baar-sophia; font-size: 18pt;\">Caroline Chanter <\/span><\/div>\n<div style=\"text-align: center;\"><span style=\"font-family: baar-sophia; font-size: 18pt;\"><b>EIN LEBEN MIT FARBE \u2013GERARD WAGNER 1906-1999, 2021, Verlag am Goetheanum<\/b><\/span><\/div>\n<\/div>\n<div style=\"text-align: center;\"><span style=\"font-family: baar-sophia; font-size: 18pt;\"><b>\u00a0<\/b><\/span><\/div>\n<div style=\"text-align: center;\"><\/div>\n<p>[\/vc_column_text][vc_single_image image=&#8220;3772&#8243; img_size=&#8220;full&#8220; alignment=&#8220;center&#8220;][vc_column_text]<\/p>\n<div>\n<p style=\"text-align: center;\"><span style=\"font-size: 14pt; font-family: baar-sophia;\">Ein Leben mit Farbe ist die erste umfassende Biographie des Malers Gerard Wagner (1906\u20131999), dessen Leben und Werk eng mit der k\u00fcnstlerisch-geistigen Str\u00f6mung um das Goetheanum in Dornach verbunden war.\u00a0Schon als Jugendlicher h\u00f6rte Wagner vom Goetheanum-Bau und von dessen Zerst\u00f6rung durch einen Brand zu Neujahr 1922\/23. 1926 kam er mit Freunden zu einem Kurzbesuch nach Dornach, doch aus dem beabsichtigten Aufenthalt von einer Woche wurde ein lebens- langer Aufenthalt von \u00fcber 73 Jahren. Rund um das noch unvollendete zweite Goetheanum-Geb\u00e4ude fand er eine aktive, strebsame Gemeinschaft, mit der er sich eng verbunden f\u00fchlte.<\/span><br \/>\n<span style=\"font-size: 14pt; font-family: baar-sophia;\">Von Anfang an vertiefte sich Gerard Wagner in die verschiedenen k\u00fcnstlerischen Impulse, die Rudolf Steiner angesto\u00dfen hatte. Zusammen mit einer intensiven Besch\u00e4ftigung mit der<\/span><br \/>\n<span style=\"font-size: 14pt; font-family: baar-sophia;\">Anthroposophie bildete dies die Grundlage f\u00fcr seine eigene Malerei. Die vielen Jahre, die er mit Farbexperimenten verbrachte, f\u00fchrten ihn zur Entdeckung objektiver Prinzipien innerhalb der Farb- und Formensprache. Er wollte auch anderen eine Arbeitsweise anbieten, die ihnen einen sicheren Halt im reichen Reich der Farbe geben konnte.<\/span><br \/>\n<span style=\"font-size: 14pt; font-family: baar-sophia;\">Wagners Bilder wurden erstmals in den fr\u00fchen 1940er Jahren am Goetheanum und danach in verschiedenen L\u00e4ndern ausgestellt. Die international bedeutendste Schau zu seinen Lebzeiten fand 1997 im Menshikov-Palast, einem Fl\u00fcgel der Eremitage in St. Petersburg, statt.<\/span><\/p>\n<\/div>\n<div style=\"text-align: center;\"><span style=\"font-size: 14pt; font-family: baar-sophia;\">Seiten: 714<\/span><\/div>\n<div>\n<div style=\"text-align: center;\"><span style=\"font-size: 14pt; font-family: baar-sophia;\">Einband: gebunden<\/span><\/div>\n<div style=\"text-align: center;\"><span style=\"font-size: 14pt; font-family: baar-sophia;\">Erscheinungsjahr: 2021<\/span><\/div>\n<div style=\"text-align: center;\"><span style=\"font-size: 14pt; font-family: baar-sophia;\">Abbildungen: mit zahlreichen farbigen Abbildungen<\/span><\/div>\n<div style=\"text-align: center;\"><span style=\"font-size: 14pt; font-family: baar-sophia;\">ISBN: 978-3-7235-1671-3<\/span><\/div>\n<\/div>\n<p>[\/vc_column_text][vc_column_text]<\/p>\n<p style=\"text-align: center;\"><span style=\"font-family: baar-sophia; font-size: 18pt;\">Aus der Farbe zur Form \u2013\u00a0<b>Einblicke in Gerard Wagners Umgang mit Rudolf Steiners Hinweisen zum Malen, 2023, Verlag am Goetheanum<\/b><\/span><\/p>\n<p>[\/vc_column_text][vc_single_image image=&#8220;3773&#8243; img_size=&#8220;full&#8220; alignment=&#8220;center&#8220;][vc_column_text]<\/p>\n<div>\n<p style=\"text-align: center;\"><span style=\"font-family: baar-sophia; font-size: 14pt;\">Der vorliegende Band \u00abAus der Farbe zur Form\u00bb m\u00f6chte Einblicke in Gerard Wagners Arbeitsmethode vermitteln, indem er einige der grundlegenden Farbstudien und Farb\u00fcbungen vorstellt, die Wagner zun\u00e4chst als Lernhilfe f\u00fcr sich selbst entwickelte. Sp\u00e4ter bildeten sie aber auch die Grundlage f\u00fcr den Unterricht an seiner Malschule und f\u00fcr die zahlreichen Kurse, die er \u00fcber viele Jahre hinweg gab. Weiterhin m\u00f6chte das vorliegende Buch auf die Schulungsskizzen hinweisen, die Rudolf Steiner als Hilfe f\u00fcr Menschen anfertigte, die sich tiefer mit dem Wesen der Farbe verbinden wollten. Diese Skizzen bildeten die Grundlage f\u00fcr Gerard Wagners Farbforschung und Farberkenntnis.<\/span><\/p>\n<p style=\"text-align: center;\"><span style=\"font-family: baar-sophia; font-size: 14pt;\">Er schrieb in der Monographie \u00abGerard Wagner \u2013 Die Kunst der Farbe\u00bb: Wer diesen Weg zu gehen versucht, kann zu der Gewissheit kommen, dass die Anweisungen Rudolf Steiners den, der sie gen\u00fcgend durchlebt, dazu f\u00fchren k\u00f6nnen, die sch\u00f6pferischen Bildekr\u00e4fte der Farbe zu ergreifen und in diesem Lebenselement zu gestalten, ohne es zu verletzen. Dadurch, dass Rudolf Steiner uns solche Bilder des aus der Farbe heraus geformten Lebens gegeben hat, hat er Ziele f\u00fcr eine weite Zukunft der Malerei gesetzt.<\/span><\/p>\n<\/div>\n<div>\n<div style=\"text-align: center;\"><span style=\"font-family: baar-sophia; font-size: 14pt;\">Seiten: 208<\/span><\/div>\n<div style=\"text-align: center;\"><span style=\"font-family: baar-sophia; font-size: 14pt;\">Einband: Klappbroschur<\/span><\/div>\n<div style=\"text-align: center;\"><span style=\"font-family: baar-sophia; font-size: 14pt;\">Erscheinungsjahr: 2023<\/span><\/div>\n<div style=\"text-align: center;\"><span style=\"font-family: baar-sophia; font-size: 14pt;\">Abbildungen: mit zahreichen farbigen Abbildungen \u00a0<\/span><\/div>\n<div style=\"text-align: center;\"><span style=\"font-family: baar-sophia; font-size: 14pt;\">ISBN: 978-3-7235-1745-1<\/span><\/div>\n<\/div>\n<p>[\/vc_column_text][vc_column_text]<\/p>\n<p class=\"style1\"><span style=\"font-size: 18pt;\"><strong>Gerard Wagner&#8217;s CV<\/strong><\/span><\/p>\n<ul>\n<li class=\"style1\"><span style=\"font-size: 14pt;\">1906 in Wiesbaden (DE) geboren<\/span><\/li>\n<li class=\"style1\"><span style=\"font-size: 14pt;\">1912 Die Familie Wagner zieht nach England um<\/span><\/li>\n<li class=\"style1\"><span style=\"font-size: 14pt;\">1924-26 Malstudium in St Ives, Cornwall, mit John Park und am Royal College of Art in London<\/span><\/li>\n<li class=\"style1\"><span style=\"font-size: 14pt;\">1926 Umzug nach Dornach (CH)<\/span><\/li>\n<li class=\"style1\"><span style=\"font-size: 14pt;\">1928 Malstudium bei Henni Geck am Goetheanum in Dornach<\/span><\/li>\n<li class=\"style1\"><span style=\"font-size: 14pt;\">Ab etwa 1930 freiberuflicher Maler, Ausstellungen in der ganzen Welt (1997 in der Eremitage, St Petersburg, Russland)<\/span><\/li>\n<li class=\"style1\"><span style=\"font-size: 14pt;\">Ab etwa 1950 Unterrichtst\u00e4tigkeit in der Schweiz, vor allem am Goetheanum, und in Deutschland und England<\/span><\/li>\n<li class=\"style1\"><span style=\"font-size: 14pt;\">1999 Gerard Wagner stirbt in Arlesheim (CH)<\/span><\/li>\n<\/ul>\n<p><strong><span style=\"font-size: 14pt;\">Arbeitsbuch Malen:<\/span><\/strong><\/p>\n<p><span style=\"font-size: 14pt;\">Elisabeth Wagner-Koch\/ Gerard Wagner &#8211;<strong>\u00a0<\/strong><\/span><span style=\"font-size: 14pt;\"><strong>Die Individualit\u00e4t der Farbe<\/strong> 2009, Verlag Freies Geistesleben.\u00a0<\/span>[\/vc_column_text][vc_column_text]<span style=\"font-size: 18pt;\"><strong>Referenzen<\/strong><\/span><\/p>\n<p><span style=\"font-size: 14pt;\">Monographie \u00fcber Gerard Wagner:<\/span><\/p>\n<p><span style=\"font-size: 14pt;\">Elisabeth Koch\/ Theodor Willmann\/ Gerard Wagner<\/span><\/p>\n<p><span style=\"font-size: 14pt;\">GERARD WAGNER. DIE KUNST DER FARBE, 1980, Verlag Freies Geistesleben<\/span><\/p>\n<p><span style=\"font-size: 14pt;\">Caroline Chanter<\/span><\/p>\n<p><span style=\"font-size: 14pt;\">GERARD WAGNER 1906-1999. EIN LEBEN MIT FARBE, 2021, Verlag am Goetheanum. Diese umfangreiche Biographie des Malers Gerard Wagner enth\u00e4lt eine F\u00fclle von Fotos und Gem\u00e4lden. Sie enth\u00e4lt auch Hinweise von Rudolf Steiners auf einen neuen Malimpuls.<\/span>[\/vc_column_text][\/vc_column][\/vc_row][vc_row][vc_column][vc_images_carousel images=&#8220;4103,4104,4105,4106,4107,4108,4109,4110,4111&#8243; img_size=&#8220;large&#8220;][\/vc_column][\/vc_row][vc_row][vc_column][\/vc_column][\/vc_row]<\/p>\n<\/div>","protected":false},"excerpt":{"rendered":"<p>[vc_row][vc_column][vc_column_text] \u00dcber Gerard Wagner (1906-1999) Gerard Wagner war ein englischer Maler, der in der N\u00e4he des Goetheanum in Dornach lebte und arbeitete. Er orientierte sich an den Hinweisen Rudolf Steiners f\u00fcr eine neue Malkunst. 1928 wurde Gerard Wagner Sch\u00fcler von Henni Geck und st\u00fctzte sich in den folgenden Jahren in seiner Malerei und Farbforschung auf&nbsp;<\/p>\n<p><a class=\"btn btn-style\" href=\"https:\/\/www.rudolf-steiner-malschule.ch\/de\/who-we-are\/gerard-wagner\/\">Continue Reading<\/a><\/p>\n","protected":false},"author":1,"featured_media":0,"parent":2265,"menu_order":0,"comment_status":"closed","ping_status":"closed","template":"","meta":{"footnotes":""},"_links":{"self":[{"href":"https:\/\/www.rudolf-steiner-malschule.ch\/de\/wp-json\/wp\/v2\/pages\/2271"}],"collection":[{"href":"https:\/\/www.rudolf-steiner-malschule.ch\/de\/wp-json\/wp\/v2\/pages"}],"about":[{"href":"https:\/\/www.rudolf-steiner-malschule.ch\/de\/wp-json\/wp\/v2\/types\/page"}],"author":[{"embeddable":true,"href":"https:\/\/www.rudolf-steiner-malschule.ch\/de\/wp-json\/wp\/v2\/users\/1"}],"replies":[{"embeddable":true,"href":"https:\/\/www.rudolf-steiner-malschule.ch\/de\/wp-json\/wp\/v2\/comments?post=2271"}],"version-history":[{"count":24,"href":"https:\/\/www.rudolf-steiner-malschule.ch\/de\/wp-json\/wp\/v2\/pages\/2271\/revisions"}],"predecessor-version":[{"id":4112,"href":"https:\/\/www.rudolf-steiner-malschule.ch\/de\/wp-json\/wp\/v2\/pages\/2271\/revisions\/4112"}],"up":[{"embeddable":true,"href":"https:\/\/www.rudolf-steiner-malschule.ch\/de\/wp-json\/wp\/v2\/pages\/2265"}],"wp:attachment":[{"href":"https:\/\/www.rudolf-steiner-malschule.ch\/de\/wp-json\/wp\/v2\/media?parent=2271"}],"curies":[{"name":"wp","href":"https:\/\/api.w.org\/{rel}","templated":true}]}}