{"id":2261,"date":"2015-02-11T05:49:04","date_gmt":"2015-02-11T05:49:04","guid":{"rendered":"http:\/\/www.rudolf-steiner-malschule.ch\/de\/homepage-2\/"},"modified":"2026-03-30T23:52:40","modified_gmt":"2026-03-30T21:52:40","slug":"homepage-2","status":"publish","type":"page","link":"https:\/\/www.rudolf-steiner-malschule.ch\/de\/","title":{"rendered":"Rudolf Steiner Malschule"},"content":{"rendered":"<div class=\"wpb-content-wrapper\"><p>[vc_row][vc_column][vc_empty_space][vc_column_text]<\/p>\n<h1 class=\"themeum-welcome-title\" style=\"text-align: center;\"><span style=\"font-family: Georgia, Palatino;\">Willkommen in der Rudolf Steiner Malschule<\/span><\/h1>\n<p>[\/vc_column_text][vc_single_image image=&#8220;3820&#8243; img_size=&#8220;full&#8220; alignment=&#8220;center&#8220;][vc_column_text]<\/p>\n<p class=\"p1\" style=\"text-align: center;\"><span style=\"font-size: 14pt; font-family: baar-sophia;\">Wir bieten eine Ausbildung in k\u00fcnstlerischer und<\/span><br \/>\n<span style=\"font-size: 14pt; font-family: baar-sophia;\">therapeutischer Malerei an, die auf den neuen Impulsen<\/span><br \/>\n<span style=\"font-size: 14pt; font-family: baar-sophia;\">von Dr. Rudolf Steiner (1861-1925) und auf der<\/span><br \/>\n<span style=\"font-size: 14pt; font-family: baar-sophia;\">Farbforschung des Malers Gerard Wagner (1906-1999)<\/span><br \/>\n<span style=\"font-size: 14pt; font-family: baar-sophia;\">basiert, der ein Leben lang aus den Hinweisen Rudolf<\/span><br \/>\n<span style=\"font-size: 14pt; font-family: baar-sophia;\">Steiners heraus gearbeitet hat.<\/span><\/p>\n<p>[\/vc_column_text][vc_column_text]<\/p>\n<p style=\"text-align: center;\"><span style=\"font-size: 18pt;\">FEIERLICHKEITEN zum HUNDERTSTEN JAHRESTAG\u00a0der ANKUNFT<\/span><br \/>\n<span style=\"font-size: 18pt;\">von GERARD WAGNER am GOETHEANUM 1926<\/span><br \/>\n<span style=\"font-size: 18pt;\">AUSSTELLUNG: BILDER VON GERARD WAGNER<\/span><br \/>\n<span style=\"font-size: 18pt;\">Die Goetheanum Kuppel Malerei \u2013 einer neuen Farbensprache<\/span><\/p>\n<p style=\"text-align: center;\"><span style=\"font-size: 14pt;\">20.FEBRUAR bis 30.JUNI 2026<\/span><\/p>\n<p style=\"text-align: center;\"><span style=\"font-size: 14pt;\">AUSSTELLUNGSER\u00d6FFNUNG MIT ANDREA HITSCH<\/span><\/p>\n<p style=\"text-align: center;\"><span style=\"font-size: 14pt;\">20. FEBRUAR, 16.00Uhr<\/span><\/p>\n<p style=\"text-align: center;\"><span style=\"font-size: 14pt;\">*<\/span><\/p>\n<p style=\"text-align: center;\"><span style=\"font-size: 14pt;\">WOCHENEND TAGUNG 1. &#8211; 3. MAI 2026<\/span><\/p>\n<p>[\/vc_column_text][\/vc_column][\/vc_row][vc_row css=&#8220;.vc_custom_1420100287738{margin-bottom: 30px !important;}&#8220;][vc_column width=&#8220;1\/2&#8243; el_class=&#8220;box clearfix&#8220;][vc_single_image image=&#8220;4050&#8243; img_size=&#8220;full&#8220;][\/vc_column][vc_column width=&#8220;1\/2&#8243;][vc_single_image image=&#8220;4051&#8243; img_size=&#8220;full&#8220;][\/vc_column][\/vc_row][vc_row][vc_column width=&#8220;1\/2&#8243;][vc_column_text]<\/p>\n<p class=\"p1\"><span style=\"font-size: 18pt;\"><strong>Studieng\u00e4nge<\/strong><\/span><\/p>\n<p class=\"p1\"><span style=\"font-size: 14pt;\">Das Programm f\u00fcr Vollzeitstudierende erstreckt sich \u00fcber vier\/f\u00fcnf Vormittage pro Woche. Der Unterricht findet meist am Vormittag statt.<\/span><\/p>\n<p class=\"p1\"><span style=\"font-size: 14pt;\">Wer berufsbegleitend studieren m\u00f6chte, kann entweder an einem oder mehreren Vormittagen pro Woche teilnehmen oder an Studienbl\u00f6cken von einer bis mehreren Wochen pro Trimester. Ausl\u00e4ndische Studenten k\u00f6nnen sich f\u00fcr Studienzeiten in Form von Modulen entscheiden. Beliebt sind auch unsere Weiterbildungsangebote. K\u00fcnstler, kunsttherapeutisch T\u00e4tige und andere Kunstinteressierte k\u00f6nnen f\u00fcr einige Wochen bis hin zu einem Trimester oder l\u00e4nger am Unterricht teilnehmen.<\/span><\/p>\n<p class=\"p1\"><span style=\"font-size: 14pt;\">Kontaktieren Sie uns, wenn Sie Interesse haben und wir werden mit Ihnen ein auf ihre individuellen Bed\u00fcrfnisse abgestimmtes Angebot zusammenstellen.<\/span><\/p>\n<p>[\/vc_column_text][\/vc_column][vc_column width=&#8220;1\/2&#8243;][vc_single_image image=&#8220;3533&#8243; img_size=&#8220;large&#8220;][\/vc_column][\/vc_row][vc_row][vc_column][vc_cta h2=&#8220;NEU &#8211; MALTHERAPEUTISCHE MODULE, 2024 &#8211; 2027&#8243; h2_font_container=&#8220;tag:h2|text_align:left|color:%23ff0000&#8243; h4_font_container=&#8220;tag:h4|text_align:left|color:%23000000&#8243; shape=&#8220;square&#8220; style=&#8220;flat&#8220; add_button=&#8220;right&#8220; btn_title=&#8220;Mehr&#8220; btn_style=&#8220;flat&#8220; btn_shape=&#8220;square&#8220; btn_color=&#8220;peacoc&#8220; btn_size=&#8220;lg&#8220; btn_align=&#8220;right&#8220; btn_css_animation=&#8220;top-to-bottom&#8220; css_animation=&#8220;left-to-right&#8220; use_custom_fonts_h2=&#8220;true&#8220; use_custom_fonts_h4=&#8220;true&#8220; btn_button_block=&#8220;true&#8220; btn_add_icon=&#8220;true&#8220; btn_custom_onclick=&#8220;true&#8220; btn_link=&#8220;url:https%3A%2F%2Fwww.rudolf-steiner-malschule.ch%2Fpainting-therapy%2F|title:Painting%20Therapy&#8220;]<span style=\"color: #000000; font-size: 14pt;\">Kurze intensive Maltherapie-Module (je 26 Stunden) beginnen in diesem Jahr. Die Termine sind vom 10. bis 13. April. Drei weitere Module folgen im April 2025, 2026 und 2027.<\/span><\/p>\n<p><span style=\"color: #000000; font-size: 14pt;\">Zu den Modulen geh\u00f6ren:<\/span><br \/>\n<span style=\"color: #000000; font-size: 14pt;\">Malen mit Pflanzenpigmenten mit Caroline Chanter, Kunst Kunsttherapeutin\/Malp\u00e4dagogin an der Rudolf Steiner Malschule.<\/span><\/p>\n<p><span style=\"color: #000000; font-size: 14pt;\">Farbeurythmie mit Nicholas Gr\u00fcnewald, Eurythmist \/ Eurythmielehrer Lehrer an Waldorfschulen.<\/span><\/p>\n<p><span style=\"color: #000000; font-size: 14pt;\">Pflanzenfarbenherstellung mit Robert Wroblewski, Maler\/Pflanzenfarben Forscher im Pflanzenfarbenlabor am Goetheanum.<\/span><\/p>\n<p><span style=\"font-size: 14pt; color: #000000;\"><b>Die Module werden in englischer Sprache sein.<\/b><\/span><\/p>\n<div><span style=\"color: #000000; font-size: 14pt;\"><b>Siehe die englische Version der Website f\u00fcr weitere Informationen.<\/b><\/span><\/div>\n<p>[\/vc_cta][vc_cta h2=&#8220;Sommer-Malkurs &#8211; Malen mit Pflanzenpigmenten&#8220; h2_font_container=&#8220;tag:h2|text_align:left|color:%233ec600&#8243; h4=&#8220;10. &#8211; 16. Juli 2026&#8243; h4_font_container=&#8220;tag:h4|text_align:left|color:%23000000&#8243; shape=&#8220;square&#8220; style=&#8220;flat&#8220; add_button=&#8220;right&#8220; btn_title=&#8220;Mehr&#8220; btn_style=&#8220;flat&#8220; btn_shape=&#8220;square&#8220; btn_color=&#8220;peacoc&#8220; btn_size=&#8220;lg&#8220; btn_align=&#8220;right&#8220; btn_css_animation=&#8220;top-to-bottom&#8220; css_animation=&#8220;left-to-right&#8220; use_custom_fonts_h2=&#8220;true&#8220; use_custom_fonts_h4=&#8220;true&#8220; btn_button_block=&#8220;true&#8220; btn_add_icon=&#8220;true&#8220; btn_custom_onclick=&#8220;true&#8220; btn_link=&#8220;url:http%3A%2F%2Fwww.rudolf-steiner-malschule.ch%2Fde%2Fsummer-courses-2%2F|title:Summer%20Course&#8220;]MOND UND TIER \u2013 DAS TIERMOTIV<\/p>\n<div id=\"gtx-trans\" style=\"position: absolute; left: 291px; top: 69.4375px;\">\n<div class=\"gtx-trans-icon\"><\/div>\n<\/div>\n<p>[\/vc_cta][\/vc_column][\/vc_row][vc_row][vc_column width=&#8220;1\/2&#8243;][vc_empty_space][vc_empty_space][vc_empty_space][vc_empty_space][vc_empty_space][vc_column_text]<\/p>\n<div><\/div>\n<div><\/div>\n<div><\/div>\n<div><\/div>\n<div><\/div>\n<div><\/div>\n<div><\/div>\n<div><\/div>\n<div style=\"text-align: center;\"><strong><span style=\"font-size: 18pt;\">VER\u00d6FFENTLICHUNGEN<\/span><\/strong><\/div>\n<div style=\"text-align: center;\"><\/div>\n<div style=\"text-align: center;\"><span style=\"font-size: 14pt;\">Ver\u00f6ffentlichungen zu Gerard Wagners Werk, unserem Malansatz\u00a0<\/span><\/div>\n<div style=\"text-align: center;\"><\/div>\n<div style=\"text-align: center;\"><span style=\"font-size: 14pt;\">und anderen Themen finden Sie auf der Seite GERARD\u00a0WAGNER und der Seite DAS INSTITUT.<\/span><\/div>\n<p>[\/vc_column_text][\/vc_column][vc_column width=&#8220;1\/2&#8243;][vc_single_image image=&#8220;3962&#8243; img_size=&#8220;large&#8220;][\/vc_column][\/vc_row][vc_row][vc_column][\/vc_column][\/vc_row][vc_row][vc_column][\/vc_column][\/vc_row]<\/p>\n<\/div>","protected":false},"excerpt":{"rendered":"<p>[vc_row][vc_column][vc_empty_space][vc_column_text] Willkommen in der Rudolf Steiner Malschule [\/vc_column_text][vc_single_image image=&#8220;3820&#8243; img_size=&#8220;full&#8220; alignment=&#8220;center&#8220;][vc_column_text] Wir bieten eine Ausbildung in k\u00fcnstlerischer und therapeutischer Malerei an, die auf den neuen Impulsen von Dr. Rudolf Steiner (1861-1925) und auf der Farbforschung des Malers Gerard Wagner (1906-1999) basiert, der ein Leben lang aus den Hinweisen Rudolf Steiners heraus gearbeitet hat. [\/vc_column_text][vc_column_text] FEIERLICHKEITEN&nbsp;<\/p>\n<p><a class=\"btn btn-style\" href=\"https:\/\/www.rudolf-steiner-malschule.ch\/de\/\">Continue Reading<\/a><\/p>\n","protected":false},"author":1,"featured_media":0,"parent":0,"menu_order":0,"comment_status":"open","ping_status":"open","template":"homepage.php","meta":{"footnotes":""},"_links":{"self":[{"href":"https:\/\/www.rudolf-steiner-malschule.ch\/de\/wp-json\/wp\/v2\/pages\/2261"}],"collection":[{"href":"https:\/\/www.rudolf-steiner-malschule.ch\/de\/wp-json\/wp\/v2\/pages"}],"about":[{"href":"https:\/\/www.rudolf-steiner-malschule.ch\/de\/wp-json\/wp\/v2\/types\/page"}],"author":[{"embeddable":true,"href":"https:\/\/www.rudolf-steiner-malschule.ch\/de\/wp-json\/wp\/v2\/users\/1"}],"replies":[{"embeddable":true,"href":"https:\/\/www.rudolf-steiner-malschule.ch\/de\/wp-json\/wp\/v2\/comments?post=2261"}],"version-history":[{"count":113,"href":"https:\/\/www.rudolf-steiner-malschule.ch\/de\/wp-json\/wp\/v2\/pages\/2261\/revisions"}],"predecessor-version":[{"id":4077,"href":"https:\/\/www.rudolf-steiner-malschule.ch\/de\/wp-json\/wp\/v2\/pages\/2261\/revisions\/4077"}],"wp:attachment":[{"href":"https:\/\/www.rudolf-steiner-malschule.ch\/de\/wp-json\/wp\/v2\/media?parent=2261"}],"curies":[{"name":"wp","href":"https:\/\/api.w.org\/{rel}","templated":true}]}}